{"id":60,"date":"2026-02-02T00:04:43","date_gmt":"2026-02-02T07:04:43","guid":{"rendered":"https:\/\/conservcoef.wpenginepowered.com\/?page_id=60"},"modified":"2026-03-20T15:10:41","modified_gmt":"2026-03-20T21:10:41","slug":"privacy-policy","status":"publish","type":"page","link":"https:\/\/conservationcoef.org\/es\/privacy-policy\/","title":{"rendered":"Pol\u00edtica de Privacidad"},"content":{"rendered":"<p><div class=\"fusion-fullwidth fullwidth-box fusion-builder-row-1 fusion-flex-container has-pattern-background has-mask-background nonhundred-percent-fullwidth non-hundred-percent-height-scrolling\" style=\"--awb-border-radius-top-left:0px;--awb-border-radius-top-right:0px;--awb-border-radius-bottom-right:0px;--awb-border-radius-bottom-left:0px;--awb-padding-top:73px;--awb-padding-bottom:53px;--awb-padding-top-small:37px;--awb-padding-bottom-small:37px;--awb-background-color:var(--awb-color7);--awb-flex-wrap:wrap;\" ><div class=\"fusion-builder-row fusion-row fusion-flex-align-items-flex-start fusion-flex-content-wrap\" style=\"max-width:calc( 1201px + 11px );margin-left: calc(-11px \/ 2 );margin-right: calc(-11px \/ 2 );\"><div class=\"fusion-layout-column fusion_builder_column fusion-builder-column-0 fusion_builder_column_1_1 1_1 fusion-flex-column fusion-animated\" style=\"--awb-bg-size:cover;--awb-width-large:100%;--awb-margin-top-large:0px;--awb-spacing-right-large:5.5px;--awb-margin-bottom-large:0px;--awb-spacing-left-large:5.5px;--awb-width-medium:100%;--awb-order-medium:0;--awb-spacing-right-medium:5.5px;--awb-spacing-left-medium:5.5px;--awb-width-small:100%;--awb-order-small:0;--awb-spacing-right-small:5.5px;--awb-spacing-left-small:5.5px;\" data-animationtype=\"fadeInDown\" data-animationduration=\"0.3\" data-animationoffset=\"top-into-view\" data-scroll-devices=\"small-visibility,medium-visibility,large-visibility\"><div class=\"fusion-column-wrapper fusion-column-has-shadow fusion-flex-justify-content-flex-start fusion-content-layout-column\"><div class=\"fusion-title title fusion-title-1 fusion-sep-none fusion-title-text fusion-title-size-one\" style=\"--awb-text-color:var(--awb-color1);--awb-margin-bottom:0px;--awb-margin-top-small:0px;--awb-margin-right-small:0px;--awb-margin-bottom-small:0px;--awb-margin-left-small:0px;--awb-margin-bottom-medium:0px;--awb-font-size:53px;\"><h1 class=\"fusion-title-heading title-heading-left fusion-responsive-typography-calculated\" style=\"margin:0;text-transform:none;font-size:1em;--fontSize:53;line-height:1.03;\">POL\u00cdTICA DE PRIVACIDAD<\/h1><\/div><\/div><\/div><\/div><\/div><div class=\"fusion-fullwidth fullwidth-box fusion-builder-row-2 fusion-flex-container has-pattern-background has-mask-background hundred-percent-fullwidth non-hundred-percent-height-scrolling\" style=\"--awb-border-radius-top-left:0px;--awb-border-radius-top-right:0px;--awb-border-radius-bottom-right:0px;--awb-border-radius-bottom-left:0px;--awb-padding-top:0px;--awb-padding-right:0px;--awb-padding-bottom:0px;--awb-padding-left:0px;--awb-padding-top-medium:0px;--awb-padding-right-medium:0px;--awb-padding-bottom-medium:0px;--awb-padding-left-medium:0px;--awb-padding-top-small:0px;--awb-padding-right-small:0px;--awb-padding-bottom-small:0px;--awb-padding-left-small:0px;--awb-margin-top:0px;--awb-margin-bottom:0px;--awb-margin-top-medium:0px;--awb-margin-bottom-medium:0px;--awb-margin-top-small:0px;--awb-margin-bottom-small:0px;--awb-background-color:rgba(156,218,237,0.15);--awb-flex-wrap:nowrap;--awb-flex-wrap-small:nowrap;\" ><div class=\"fusion-builder-row fusion-row fusion-flex-align-items-stretch fusion-flex-content-wrap\" style=\"width:calc( 100% + 11px ) !important;max-width:calc( 100% + 11px ) !important;margin-left: calc(-11px \/ 2 );margin-right: calc(-11px \/ 2 );\"><div class=\"fusion-layout-column fusion_builder_column fusion-builder-column-1 fusion_builder_column_1_1 1_1 fusion-flex-column\" style=\"--awb-bg-size:cover;--awb-width-large:100%;--awb-margin-top-large:0px;--awb-spacing-right-large:5.5px;--awb-margin-bottom-large:0px;--awb-spacing-left-large:5.5px;--awb-width-medium:100%;--awb-order-medium:0;--awb-spacing-right-medium:5.5px;--awb-spacing-left-medium:5.5px;--awb-width-small:100%;--awb-order-small:0;--awb-spacing-right-small:5.5px;--awb-spacing-left-small:5.5px;\"><div class=\"fusion-column-wrapper fusion-column-has-shadow fusion-flex-justify-content-flex-start fusion-content-layout-column\"><div class=\"fusion-image-element\" style=\"--awb-margin-top:0px;--awb-margin-right:0px;--awb-margin-bottom:0px;--awb-margin-left:0px;--awb-margin-top-medium:0px;--awb-margin-right-medium:0px;--awb-margin-bottom-medium:0px;--awb-margin-left-medium:0px;--awb-margin-top-small:-3px;--awb-margin-right-small:0px;--awb-margin-bottom-small:0px;--awb-margin-left-small:0px;--awb-caption-title-font-family:var(--h2_typography-font-family);--awb-caption-title-font-weight:var(--h2_typography-font-weight);--awb-caption-title-font-style:var(--h2_typography-font-style);--awb-caption-title-size:var(--h2_typography-font-size);--awb-caption-title-transform:var(--h2_typography-text-transform);--awb-caption-title-line-height:var(--h2_typography-line-height);--awb-caption-title-letter-spacing:var(--h2_typography-letter-spacing);\"><span class=\"fusion-imageframe imageframe-none imageframe-1 hover-type-none\"><img decoding=\"async\" width=\"2560\" height=\"86\" alt=\"Conservation Colorado Education Fund\" title=\"El Fondo Educativo de Conservaci\u00f3n de Colorado\" src=\"https:\/\/conservationcoef.org\/wp-content\/uploads\/2026\/02\/bg_Mtn_NavyTop_04-scaled.png\" class=\"img-responsive wp-image-105\" srcset=\"https:\/\/conservationcoef.org\/wp-content\/uploads\/2026\/02\/bg_Mtn_NavyTop_04-200x7.png 200w, https:\/\/conservationcoef.org\/wp-content\/uploads\/2026\/02\/bg_Mtn_NavyTop_04-400x14.png 400w, https:\/\/conservationcoef.org\/wp-content\/uploads\/2026\/02\/bg_Mtn_NavyTop_04-600x20.png 600w, https:\/\/conservationcoef.org\/wp-content\/uploads\/2026\/02\/bg_Mtn_NavyTop_04-800x27.png 800w, https:\/\/conservationcoef.org\/wp-content\/uploads\/2026\/02\/bg_Mtn_NavyTop_04-1200x41.png 1200w, https:\/\/conservationcoef.org\/wp-content\/uploads\/2026\/02\/bg_Mtn_NavyTop_04-scaled.png 2560w\" sizes=\"(max-width: 640px) 100vw, 1200px\" \/><\/span><\/div><\/div><\/div><\/div><\/div>\n<div class=\"fusion-fullwidth fullwidth-box fusion-builder-row-3 fusion-flex-container has-pattern-background has-mask-background nonhundred-percent-fullwidth non-hundred-percent-height-scrolling\" style=\"--awb-border-radius-top-left:0px;--awb-border-radius-top-right:0px;--awb-border-radius-bottom-right:0px;--awb-border-radius-bottom-left:0px;--awb-padding-top:73px;--awb-padding-bottom:73px;--awb-background-color:rgba(156,218,237,0.15);--awb-flex-wrap:wrap;\" ><div class=\"fusion-builder-row fusion-row fusion-flex-align-items-flex-start fusion-flex-content-wrap\" style=\"max-width:calc( 1201px + 11px );margin-left: calc(-11px \/ 2 );margin-right: calc(-11px \/ 2 );\"><div class=\"fusion-layout-column fusion_builder_column fusion-builder-column-2 fusion_builder_column_1_1 1_1 fusion-flex-column fusion-animated\" style=\"--awb-bg-size:cover;--awb-width-large:100%;--awb-margin-top-large:0px;--awb-spacing-right-large:5.5px;--awb-margin-bottom-large:0px;--awb-spacing-left-large:5.5px;--awb-width-medium:100%;--awb-order-medium:0;--awb-spacing-right-medium:5.5px;--awb-spacing-left-medium:5.5px;--awb-width-small:100%;--awb-order-small:0;--awb-spacing-right-small:5.5px;--awb-spacing-left-small:5.5px;\" data-animationtype=\"fadeInUp\" data-animationduration=\"0.3\" data-animationoffset=\"top-into-view\" data-scroll-devices=\"small-visibility,medium-visibility,large-visibility\"><div class=\"fusion-column-wrapper fusion-column-has-shadow fusion-flex-justify-content-flex-start fusion-content-layout-column\"><div class=\"fusion-title title fusion-title-2 fusion-sep-none fusion-title-text fusion-title-size-five\" style=\"--awb-text-color:var(--awb-custom_color_3);--awb-margin-bottom:43px;--awb-margin-top-small:0px;--awb-margin-right-small:0px;--awb-margin-bottom-small:43px;--awb-margin-left-small:0px;--awb-margin-bottom-medium:43px;--awb-font-size:21px;\"><h5 class=\"fusion-title-heading title-heading-left fusion-responsive-typography-calculated\" style=\"margin:0;text-transform:none;font-size:1em;--fontSize:21;--minFontSize:21;line-height:1.03;\">Conservation Colorado Education Fund (CCEF) est\u00e1 comprometido a respetar la privacidad de nuestros donantes y otros miembros. est\u00e1 comprometido a respetar la privacidad de nuestros donantes y otros miembros. CCEF ofrece esta pol\u00edtica para informarle sobre nuestra pol\u00edtica de privacidad y para informarle sobre la forma en que se utiliza su informaci\u00f3n. Cualquier informaci\u00f3n proporcionada a CCEF por donantes y miembros se utilizar\u00e1 \u00fanicamente para cumplir la misi\u00f3n de la organizaci\u00f3n y no ser\u00e1 compartida por ning\u00fan motivo salvo que el donante\/miembro conceda permiso para compartir dicha informaci\u00f3n.<\/h5><\/div><div class=\"fusion-title title fusion-title-3 fusion-sep-none fusion-title-text fusion-title-size-four\" style=\"--awb-text-color:var(--awb-color5);--awb-margin-top-small:0px;--awb-margin-right-small:0px;--awb-margin-bottom-small:27px;--awb-margin-left-small:0px;--awb-font-size:43px;\"><h4 class=\"fusion-title-heading title-heading-left fusion-responsive-typography-calculated\" style=\"margin:0;text-transform:none;font-size:1em;--fontSize:43;line-height:1.03;\">INFORMACI\u00d3N RECOPILADA<\/h4><\/div><div class=\"fusion-text fusion-text-1 fusion-text-no-margin\" style=\"--awb-margin-bottom:43px;\"><p>Recopilamos y mantenemos la siguiente informaci\u00f3n:<\/p>\n<ul>\n<li>Informaci\u00f3n de contacto: nombre, direcci\u00f3n, n\u00famero de tel\u00e9fono, correo electr\u00f3nico;<\/li>\n<li>informaci\u00f3n de pago: n\u00famero de tarjeta de cr\u00e9dito y fecha de caducidad, y datos de facturaci\u00f3n;<\/li>\n<li>informaci\u00f3n sobre c\u00f3mo supiste de CCEF;<\/li>\n<li>y la informaci\u00f3n que desee compartir, como preguntas, comentarios, sugerencias.<\/li>\n<\/ul>\n<p>Todas las solicitudes para permanecer en el anonimato ser\u00e1n atendidas.<\/p>\n<\/div><div class=\"fusion-title title fusion-title-4 fusion-sep-none fusion-title-text fusion-title-size-four\" style=\"--awb-text-color:var(--awb-color5);--awb-margin-top-small:0px;--awb-margin-right-small:0px;--awb-margin-bottom-small:27px;--awb-margin-left-small:0px;--awb-font-size:43px;\"><h4 class=\"fusion-title-heading title-heading-left fusion-responsive-typography-calculated\" style=\"margin:0;text-transform:none;font-size:1em;--fontSize:43;line-height:1.03;\">C\u00d3MO SE UTILIZA LA INFORMACI\u00d3N<\/h4><\/div><div class=\"fusion-text fusion-text-2 fusion-text-no-margin\" style=\"--awb-margin-bottom:43px;\"><p>CCEF utilizar\u00e1 la informaci\u00f3n de contacto recopilada (correo electr\u00f3nico, n\u00famero de tel\u00e9fono y direcci\u00f3n) \u00fanicamente para estos fines:<\/p>\n<ul>\n<li>Agradecimientos de donaci\u00f3n;<\/li>\n<li>Informar a los donantes sobre las pr\u00f3ximas actividades de recaudaci\u00f3n de fondos y otras actividades del CCEF; Reportar a las agencias relevantes de EE. UU. y Estado (estos informes no son para inspecci\u00f3n p\u00fablica);<\/li>\n<li>y oportunidades de voluntariado con el CCEF;<\/li>\n<li>y compartir informaci\u00f3n con agencias relevantes de EE. UU. y Estados, ha optado por enviar comentarios p\u00fablicos formales<\/li>\n<\/ul>\n<\/div><div class=\"fusion-title title fusion-title-5 fusion-sep-none fusion-title-text fusion-title-size-four\" style=\"--awb-text-color:var(--awb-color5);--awb-margin-top-small:0px;--awb-margin-right-small:0px;--awb-margin-bottom-small:27px;--awb-margin-left-small:0px;--awb-font-size:43px;\"><h4 class=\"fusion-title-heading title-heading-left fusion-responsive-typography-calculated\" style=\"margin:0;text-transform:none;font-size:1em;--fontSize:43;line-height:1.03;\">INFORMACI\u00d3N FINANCIERA<\/h4><\/div><div class=\"fusion-text fusion-text-3 fusion-text-no-margin\" style=\"--awb-margin-bottom:43px;\"><p>Todo acceso a la informaci\u00f3n financiera de los donantes est\u00e1 estrictamente limitado al personal profesional que necesita procesar esos datos. No se entregan tales datos a ninguna persona, organizaci\u00f3n o grupo que no necesite acceder a ellos.<\/p>\n<p>CCEF solo utiliza servicios de procesamiento de pagos en l\u00ednea con seguridad de clase mundial y s\u00f3lida reputaci\u00f3n. CCEF no almacena, ni tiene acceso, a la informaci\u00f3n de tu tarjeta de cr\u00e9dito, n\u00fameros de cuenta bancaria u otros datos de cuenta enviados a esos servicios de procesamiento.<\/p>\n<\/div><div class=\"fusion-title title fusion-title-6 fusion-sep-none fusion-title-text fusion-title-size-four\" style=\"--awb-text-color:var(--awb-color5);--awb-margin-top-small:0px;--awb-margin-right-small:0px;--awb-margin-bottom-small:27px;--awb-margin-left-small:0px;--awb-font-size:43px;\"><h4 class=\"fusion-title-heading title-heading-left fusion-responsive-typography-calculated\" style=\"margin:0;text-transform:none;font-size:1em;--fontSize:43;line-height:1.03;\">COOKIES, FLASH COOKIES Y WEB BEACONS<\/h4><\/div><div class=\"fusion-text fusion-text-4 fusion-text-no-margin\" style=\"--awb-margin-bottom:43px;\"><div class=\"elementor-element elementor-element-d551cf2 ob-harakiri-inherit ob-has-background-overlay elementor-widget elementor-widget-text-editor ob-harakiri\" data-id=\"d551cf2\" data-element_type=\"widget\" data-settings=\"\" data-widget_type=\"text-editor.default\">\n<div class=\"elementor-widget-container\">Podemos utilizar cookies, cookies flash y balizas web para almacenar las preferencias de los visitantes, registrar la informaci\u00f3n de las sesiones, alertar a los visitantes sobre nuevas \u00e1reas que creemos que podr\u00edan interesarles cuando vuelvan a nuestro sitio y registrar actividades pasadas en un sitio para ofrecer un mejor servicio cuando los visitantes regresen a nuestro sitio. Ten en cuenta que nuestros socios en l\u00ednea que ofrecen ciertas funciones relacionadas con nuestros sitios web pueden utilizar cookies de otras formas.<\/div>\n<\/div>\n<\/div><div class=\"fusion-title title fusion-title-7 fusion-sep-none fusion-title-text fusion-title-size-four\" style=\"--awb-text-color:var(--awb-color5);--awb-margin-top-small:0px;--awb-margin-right-small:0px;--awb-margin-bottom-small:27px;--awb-margin-left-small:0px;--awb-font-size:43px;\"><h4 class=\"fusion-title-heading title-heading-left fusion-responsive-typography-calculated\" style=\"margin:0;text-transform:none;font-size:1em;--fontSize:43;line-height:1.03;\">NO SE PERMITE COMPARTIR INFORMACI\u00d3N PERSONAL<\/h4><\/div><div class=\"fusion-text fusion-text-5 fusion-text-no-margin\" style=\"--awb-margin-bottom:43px;\"><p>CCEF no vender\u00e1, alquilar\u00e1 ni alquilar\u00e1 tu informaci\u00f3n personal a otras organizaciones ni para ning\u00fan uso comercial o de marketing. El uso de la informaci\u00f3n personal se limitar\u00e1 a los fines internos del CCEF y solo para promover las actividades y prop\u00f3sitos del CCEF.<\/p>\n<\/div><div class=\"fusion-title title fusion-title-8 fusion-sep-none fusion-title-text fusion-title-size-four\" style=\"--awb-text-color:var(--awb-color5);--awb-margin-top-small:0px;--awb-margin-right-small:0px;--awb-margin-bottom-small:27px;--awb-margin-left-small:0px;--awb-font-size:43px;\"><h4 class=\"fusion-title-heading title-heading-left fusion-responsive-typography-calculated\" style=\"margin:0;text-transform:none;font-size:1em;--fontSize:43;line-height:1.03;\">REMOVING YOUR NAME FROM OUR LISTS<\/h4><\/div><div class=\"fusion-text fusion-text-6 fusion-text-no-margin\" style=\"--awb-margin-bottom:43px;\"><p>Siempre puedes \"optar por no participar\" en las comunicaciones online de CCEF para evitar recibir correos electr\u00f3nicos no deseados. Todas nuestras comunicaciones en l\u00ednea contienen instrucciones de retirada y enlaces al final del correo. Para optar por no recibir comunicaciones en l\u00ednea, tambi\u00e9n puedes enviar un correo electr\u00f3nico con tu solicitud a<strong>\u00a0<a href=\"mailto:info@conservationco.org\">info@conservationco.org<\/a><\/strong> o llam\u00e1ndonos a <a href=\"tel:3035347066\"><strong>303.534.7066<\/strong><\/a>. Ten en cuenta que nuestros sitios enlazan con otros sitios web y no podemos controlar ni ser responsables del contenido ni de las pol\u00edticas de privacidad de esos sitios.<\/p>\n<p>Puede optar por no recibir comunicaciones por correo, puede devolver un correo con una solicitud por escrito a nuestra oficina principal en 1536 Wynkoop Street, #510, Denver CO 80202; env\u00eda un correo electr\u00f3nico con tu solicitud a\u00a0<strong><a href=\"mailto:info@conservationco.org\" target=\"_blank\" rel=\"noopener\">info@conservationco.org<\/a><\/strong> o llamar a <a href=\"tel:3035347066\"><strong>303.534.7066<\/strong><\/a>.<\/p>\n<\/div><div class=\"fusion-title title fusion-title-9 fusion-sep-none fusion-title-text fusion-title-size-four\" style=\"--awb-text-color:var(--awb-color5);--awb-margin-top-small:0px;--awb-margin-right-small:0px;--awb-margin-bottom-small:27px;--awb-margin-left-small:0px;--awb-font-size:43px;\"><h4 class=\"fusion-title-heading title-heading-left fusion-responsive-typography-calculated\" style=\"margin:0;text-transform:none;font-size:1em;--fontSize:43;line-height:1.03;\">OPTAR POR ENTRAR Y NO PARTICIPAR EN CCEF MOBILE COMMUNICATIONS<\/h4><\/div><div class=\"fusion-text fusion-text-7 fusion-text-no-margin\" style=\"--awb-margin-bottom:43px;\"><p>CCEF no contactar\u00e1 con tu n\u00famero de tel\u00e9fono m\u00f3vil a menos que nos hayas facilitado tu n\u00famero y hayas optado por recibir comunicaciones m\u00f3viles de CCEF. Si ya no desea recibir comunicaciones m\u00f3viles de CCEF, puede optar por no participar en cualquier momento enviando un mensaje de texto con la palabra \"STOP\" en respuesta al mensaje.<\/p>\n<\/div><div class=\"fusion-title title fusion-title-10 fusion-sep-none fusion-title-text fusion-title-size-four\" style=\"--awb-text-color:var(--awb-color5);--awb-margin-top-small:0px;--awb-margin-right-small:0px;--awb-margin-bottom-small:27px;--awb-margin-left-small:0px;--awb-font-size:43px;\"><h4 class=\"fusion-title-heading title-heading-left fusion-responsive-typography-calculated\" style=\"margin:0;text-transform:none;font-size:1em;--fontSize:43;line-height:1.03;\">PROTEGIENDO A NUESTROS HIJOS<\/h4><\/div><div class=\"fusion-text fusion-text-8 fusion-text-no-margin\" style=\"--awb-margin-bottom:43px;\"><p>El CCEF est\u00e1 preocupado por la seguridad y privacidad de los ni\u00f1os en l\u00ednea. Por ello, haremos todo lo posible para cumplir con la Ley de Protecci\u00f3n de la Privacidad Infantil en Internet (COPPA). COPPA y sus regulaciones asociadas de la FTC establecen la ley federal de Estados Unidos que protege la privacidad de los ni\u00f1os que utilizan Internet. No contactamos ni vamos a recopilar conscientemente informaci\u00f3n personal de menores de 13 a\u00f1os y nuestra p\u00e1gina web est\u00e1 dirigida a personas de al menos 13 a\u00f1os o m\u00e1s.<\/p>\n<\/div><div class=\"fusion-title title fusion-title-11 fusion-sep-none fusion-title-text fusion-title-size-four\" style=\"--awb-text-color:var(--awb-color5);--awb-margin-top-small:0px;--awb-margin-right-small:0px;--awb-margin-bottom-small:27px;--awb-margin-left-small:0px;--awb-font-size:43px;\"><h4 class=\"fusion-title-heading title-heading-left fusion-responsive-typography-calculated\" style=\"margin:0;text-transform:none;font-size:1em;--fontSize:43;line-height:1.03;\">REVISIONES DE POL\u00cdTICAS<\/h4><\/div><div class=\"fusion-text fusion-text-9 fusion-text-no-margin\" style=\"--awb-margin-bottom:43px;\"><p>Nos reservamos el derecho de actualizar peri\u00f3dicamente esta pol\u00edtica. <em>Esta pol\u00edtica fue modificada por \u00faltima vez el 31 de enero de 2018, con todos los cambios vigentes a partir de esa fecha.<\/em><\/p>\n<\/div><div class=\"fusion-title title fusion-title-12 fusion-sep-none fusion-title-text fusion-title-size-four\" style=\"--awb-text-color:var(--awb-color5);--awb-margin-top-small:0px;--awb-margin-right-small:0px;--awb-margin-bottom-small:27px;--awb-margin-left-small:0px;--awb-font-size:43px;\"><h4 class=\"fusion-title-heading title-heading-left fusion-responsive-typography-calculated\" style=\"margin:0;text-transform:none;font-size:1em;--fontSize:43;line-height:1.03;\">ACCESO Y CORRECCI\u00d3N DE DATOS<\/h4><\/div><div class=\"fusion-text fusion-text-10 fusion-text-no-margin\" style=\"--awb-margin-bottom:43px;\"><p>A petici\u00f3n, proporcionaremos acceso a la informaci\u00f3n que mantenemos sobre usted. Puedes solicitar esta informaci\u00f3n envi\u00e1ndonos un correo electr\u00f3nico a la direcci\u00f3n siguiente. Puedes corregir esta informaci\u00f3n envi\u00e1ndonos tu solicitud por correo electr\u00f3nico a\u00a0<strong><a href=\"mailto:info@conservationco.org\" target=\"_blank\" rel=\"noopener\">info@conservationco.org<\/a><\/strong> o llam\u00e1ndonos a <a href=\"tel:3035347066\"><strong>303.534.7066<\/strong><\/a>.<\/p>\n<\/div><div class=\"fusion-title title fusion-title-13 fusion-sep-none fusion-title-text fusion-title-size-four\" style=\"--awb-text-color:var(--awb-color5);--awb-margin-top-small:0px;--awb-margin-right-small:0px;--awb-margin-bottom-small:27px;--awb-margin-left-small:0px;--awb-font-size:43px;\"><h4 class=\"fusion-title-heading title-heading-left fusion-responsive-typography-calculated\" style=\"margin:0;text-transform:none;font-size:1em;--fontSize:43;line-height:1.03;\">CONTACT\u00c1NDONOS<\/h4><\/div><div class=\"fusion-text fusion-text-11 fusion-text-no-margin\" style=\"--awb-margin-bottom:43px;\"><p>Si tiene comentarios o preguntas sobre esta pol\u00edtica, por favor env\u00edenos un correo electr\u00f3nico a\u00a0<a href=\"mailto:info@conservationco.org\" target=\"_blank\" rel=\"noopener\"><strong>info@conservationco.org<\/strong><\/a> o llamar a <a href=\"tel:3035347066\"><strong>303.534.7066<\/strong><\/a>.<\/p>\n<\/div><\/div><\/div><\/div><\/div><div class=\"fusion-fullwidth fullwidth-box fusion-builder-row-4 fusion-flex-container has-pattern-background has-mask-background hundred-percent-fullwidth non-hundred-percent-height-scrolling\" style=\"--awb-border-radius-top-left:0px;--awb-border-radius-top-right:0px;--awb-border-radius-bottom-right:0px;--awb-border-radius-bottom-left:0px;--awb-padding-right:0px;--awb-padding-left:0px;--awb-background-color:rgba(156,218,237,0.15);--awb-flex-wrap:wrap;\" ><div class=\"fusion-builder-row fusion-row fusion-flex-align-items-flex-start fusion-flex-content-wrap\" style=\"width:calc( 100% + 11px ) !important;max-width:calc( 100% + 11px ) !important;margin-left: calc(-11px \/ 2 );margin-right: calc(-11px \/ 2 );\"><div class=\"fusion-layout-column fusion_builder_column fusion-builder-column-3 fusion_builder_column_1_1 1_1 fusion-flex-column\" style=\"--awb-bg-size:cover;--awb-width-large:100%;--awb-margin-top-large:0px;--awb-spacing-right-large:5.5px;--awb-margin-bottom-large:0px;--awb-spacing-left-large:5.5px;--awb-width-medium:100%;--awb-order-medium:0;--awb-spacing-right-medium:5.5px;--awb-spacing-left-medium:5.5px;--awb-width-small:100%;--awb-order-small:0;--awb-spacing-right-small:5.5px;--awb-spacing-left-small:5.5px;\"><div class=\"fusion-column-wrapper fusion-column-has-shadow fusion-flex-justify-content-flex-start fusion-content-layout-column\"><div class=\"fusion-image-element\" style=\"--awb-caption-title-font-family:var(--h2_typography-font-family);--awb-caption-title-font-weight:var(--h2_typography-font-weight);--awb-caption-title-font-style:var(--h2_typography-font-style);--awb-caption-title-size:var(--h2_typography-font-size);--awb-caption-title-transform:var(--h2_typography-text-transform);--awb-caption-title-line-height:var(--h2_typography-line-height);--awb-caption-title-letter-spacing:var(--h2_typography-letter-spacing);\"><span class=\"fusion-imageframe imageframe-none imageframe-2 hover-type-none\"><img decoding=\"async\" width=\"1920\" height=\"93\" alt=\"Conservation Colorado Education Fund\" title=\"El Fondo Educativo de Conservaci\u00f3n de Colorado\" src=\"https:\/\/conservationcoef.org\/wp-content\/uploads\/2026\/02\/bg_whteMtn_Top.png\" class=\"img-responsive wp-image-51\" srcset=\"https:\/\/conservationcoef.org\/wp-content\/uploads\/2026\/02\/bg_whteMtn_Top-200x10.png 200w, https:\/\/conservationcoef.org\/wp-content\/uploads\/2026\/02\/bg_whteMtn_Top-400x19.png 400w, https:\/\/conservationcoef.org\/wp-content\/uploads\/2026\/02\/bg_whteMtn_Top-600x29.png 600w, https:\/\/conservationcoef.org\/wp-content\/uploads\/2026\/02\/bg_whteMtn_Top-800x39.png 800w, https:\/\/conservationcoef.org\/wp-content\/uploads\/2026\/02\/bg_whteMtn_Top-1200x58.png 1200w, https:\/\/conservationcoef.org\/wp-content\/uploads\/2026\/02\/bg_whteMtn_Top.png 1920w\" sizes=\"(max-width: 640px) 100vw, 1200px\" \/><\/span><\/div><\/div><\/div><\/div><\/div>\n<\/p>","protected":false},"excerpt":{"rendered":"","protected":false},"author":2,"featured_media":0,"parent":0,"menu_order":9,"comment_status":"closed","ping_status":"closed","template":"100-width.php","meta":{"footnotes":""},"class_list":["post-60","page","type-page","status-publish","hentry"],"jetpack_sharing_enabled":true,"_links":{"self":[{"href":"https:\/\/conservationcoef.org\/es\/wp-json\/wp\/v2\/pages\/60","targetHints":{"allow":["GET"]}}],"collection":[{"href":"https:\/\/conservationcoef.org\/es\/wp-json\/wp\/v2\/pages"}],"about":[{"href":"https:\/\/conservationcoef.org\/es\/wp-json\/wp\/v2\/types\/page"}],"author":[{"embeddable":true,"href":"https:\/\/conservationcoef.org\/es\/wp-json\/wp\/v2\/users\/2"}],"replies":[{"embeddable":true,"href":"https:\/\/conservationcoef.org\/es\/wp-json\/wp\/v2\/comments?post=60"}],"version-history":[{"count":0,"href":"https:\/\/conservationcoef.org\/es\/wp-json\/wp\/v2\/pages\/60\/revisions"}],"wp:attachment":[{"href":"https:\/\/conservationcoef.org\/es\/wp-json\/wp\/v2\/media?parent=60"}],"curies":[{"name":"wp","href":"https:\/\/api.w.org\/{rel}","templated":true}]}}