{"id":2,"date":"2026-01-08T17:52:56","date_gmt":"2026-01-08T17:52:56","guid":{"rendered":"https:\/\/conservcoef.wpenginepowered.com\/?page_id=2"},"modified":"2026-03-23T16:06:28","modified_gmt":"2026-03-23T22:06:28","slug":"conservation-colorado-education-fund","status":"publish","type":"page","link":"https:\/\/conservationcoef.org\/es\/","title":{"rendered":"El Fondo Educativo de Conservaci\u00f3n de Colorado"},"content":{"rendered":"<p><div class=\"fusion-fullwidth fullwidth-box fusion-builder-row-1 fusion-flex-container has-pattern-background has-mask-background fusion-parallax-fixed nonhundred-percent-fullwidth non-hundred-percent-height-scrolling fusion-no-small-visibility\" style=\"--awb-background-position:center top;--awb-background-blend-mode:overlay;--awb-border-radius-top-left:0px;--awb-border-radius-top-right:0px;--awb-border-radius-bottom-right:0px;--awb-border-radius-bottom-left:0px;--awb-padding-top:131px;--awb-padding-bottom:131px;--awb-background-color:rgba(5,47,74,0.71);--awb-background-image:url(&quot;https:\/\/conservationcoef.org\/wp-content\/uploads\/2026\/02\/slider_Spring.jpg&quot;);--awb-background-size:cover;--awb-flex-wrap:wrap;background-attachment:fixed;\" ><div class=\"fusion-builder-row fusion-row fusion-flex-align-items-flex-start fusion-flex-content-wrap\" style=\"max-width:calc( 1201px + 11px );margin-left: calc(-11px \/ 2 );margin-right: calc(-11px \/ 2 );\"><div class=\"fusion-layout-column fusion_builder_column fusion-builder-column-0 fusion_builder_column_1_1 1_1 fusion-flex-column fusion-animated\" style=\"--awb-bg-size:cover;--awb-width-large:100%;--awb-margin-top-large:0px;--awb-spacing-right-large:5.5px;--awb-margin-bottom-large:0px;--awb-spacing-left-large:5.5px;--awb-width-medium:100%;--awb-order-medium:0;--awb-spacing-right-medium:5.5px;--awb-spacing-left-medium:5.5px;--awb-width-small:100%;--awb-order-small:0;--awb-spacing-right-small:5.5px;--awb-spacing-left-small:5.5px;\" data-animationtype=\"fadeInDown\" data-animationduration=\"0.3\" data-animationoffset=\"top-into-view\" data-scroll-devices=\"small-visibility,medium-visibility,large-visibility\"><div class=\"fusion-column-wrapper fusion-column-has-shadow fusion-flex-justify-content-flex-start fusion-content-layout-column\"><div class=\"fusion-title title fusion-title-1 fusion-sep-none fusion-title-text fusion-title-size-one\" style=\"--awb-text-color:var(--awb-color1);--awb-margin-bottom:0px;--awb-margin-top-small:0px;--awb-margin-right-small:0px;--awb-margin-bottom-small:0px;--awb-margin-left-small:0px;--awb-margin-bottom-medium:0px;--awb-font-size:131px;\"><h1 class=\"fusion-title-heading title-heading-left fusion-responsive-typography-calculated\" style=\"margin:0;text-transform:none;font-size:1em;--fontSize:131;line-height:1.03;\">VALE LA PENA LUCHAR POR EL FUTURO<\/h1><\/div><\/div><\/div><\/div><\/div><div class=\"fusion-fullwidth fullwidth-box fusion-builder-row-2 fusion-flex-container has-pattern-background has-mask-background nonhundred-percent-fullwidth non-hundred-percent-height-scrolling\" style=\"--awb-border-radius-top-left:0px;--awb-border-radius-top-right:0px;--awb-border-radius-bottom-right:0px;--awb-border-radius-bottom-left:0px;--awb-padding-top:73px;--awb-padding-bottom:0px;--awb-padding-top-small:37px;--awb-padding-bottom-small:37px;--awb-background-color:var(--awb-color4);--awb-flex-wrap:wrap;\" ><div class=\"fusion-builder-row fusion-row fusion-flex-align-items-flex-start fusion-flex-content-wrap\" style=\"max-width:calc( 1201px + 11px );margin-left: calc(-11px \/ 2 );margin-right: calc(-11px \/ 2 );\"><div class=\"fusion-layout-column fusion_builder_column fusion-builder-column-1 fusion_builder_column_1_1 1_1 fusion-flex-column fusion-animated\" style=\"--awb-bg-size:cover;--awb-width-large:100%;--awb-margin-top-large:0px;--awb-spacing-right-large:5.5px;--awb-margin-bottom-large:0px;--awb-spacing-left-large:5.5px;--awb-width-medium:100%;--awb-order-medium:0;--awb-spacing-right-medium:5.5px;--awb-spacing-left-medium:5.5px;--awb-width-small:100%;--awb-order-small:0;--awb-spacing-right-small:5.5px;--awb-spacing-left-small:5.5px;\" data-animationtype=\"fadeInDown\" data-animationduration=\"0.3\" data-animationoffset=\"top-into-view\" data-scroll-devices=\"small-visibility,medium-visibility,large-visibility\"><div class=\"fusion-column-wrapper fusion-column-has-shadow fusion-flex-justify-content-flex-start fusion-content-layout-column\"><div class=\"fusion-title title fusion-title-2 fusion-sep-none fusion-title-center fusion-title-text fusion-title-size-four\" style=\"--awb-margin-bottom:0px;--awb-margin-top-small:0px;--awb-margin-right-small:0px;--awb-margin-bottom-small:0px;--awb-margin-left-small:0px;--awb-margin-bottom-medium:0px;--awb-font-size:53px;\"><h4 class=\"fusion-title-heading title-heading-center sm-text-align-left fusion-responsive-typography-calculated\" style=\"margin:0;text-transform:none;font-size:1em;--fontSize:53;line-height:1.03;\">EL FONDO EDUCATIVO DE CONSERVACI\u00d3N COLORADO BUSCA PROTEGER LO QUE HACE QUE NUESTRO ESTADO SEA DIFERENTE A CUALQUIER OTRO \u2014 NUESTRO ESPECTACULAR ENTORNO NATURAL.<\/h4><\/div><\/div><\/div><\/div><\/div><div class=\"fusion-fullwidth fullwidth-box fusion-builder-row-3 fusion-flex-container has-pattern-background has-mask-background hundred-percent-fullwidth non-hundred-percent-height-scrolling\" style=\"--awb-border-radius-top-left:0px;--awb-border-radius-top-right:0px;--awb-border-radius-bottom-right:0px;--awb-border-radius-bottom-left:0px;--awb-padding-right:0px;--awb-padding-left:0px;--awb-background-color:var(--awb-color4);--awb-flex-wrap:wrap;\" ><div class=\"fusion-builder-row fusion-row fusion-flex-align-items-flex-start fusion-flex-content-wrap\" style=\"width:calc( 100% + 11px ) !important;max-width:calc( 100% + 11px ) !important;margin-left: calc(-11px \/ 2 );margin-right: calc(-11px \/ 2 );\"><div class=\"fusion-layout-column fusion_builder_column fusion-builder-column-2 fusion_builder_column_1_1 1_1 fusion-flex-column\" style=\"--awb-bg-size:cover;--awb-width-large:100%;--awb-margin-top-large:0px;--awb-spacing-right-large:5.5px;--awb-margin-bottom-large:0px;--awb-spacing-left-large:5.5px;--awb-width-medium:100%;--awb-order-medium:0;--awb-spacing-right-medium:5.5px;--awb-spacing-left-medium:5.5px;--awb-width-small:100%;--awb-order-small:0;--awb-spacing-right-small:5.5px;--awb-spacing-left-small:5.5px;\"><div class=\"fusion-column-wrapper fusion-column-has-shadow fusion-flex-justify-content-flex-start fusion-content-layout-column\"><div class=\"fusion-image-element\" style=\"--awb-caption-title-font-family:var(--h2_typography-font-family);--awb-caption-title-font-weight:var(--h2_typography-font-weight);--awb-caption-title-font-style:var(--h2_typography-font-style);--awb-caption-title-size:var(--h2_typography-font-size);--awb-caption-title-transform:var(--h2_typography-text-transform);--awb-caption-title-line-height:var(--h2_typography-line-height);--awb-caption-title-letter-spacing:var(--h2_typography-letter-spacing);\"><span class=\"fusion-imageframe imageframe-none imageframe-1 hover-type-none\"><img decoding=\"async\" width=\"2560\" height=\"192\" alt=\"Conservation Colorado Education Fund\" title=\"El Fondo Educativo de Conservaci\u00f3n de Colorado\" src=\"https:\/\/conservationcoef.org\/wp-content\/uploads\/2026\/02\/bg_mixedMtn_Top_01-scaled.png\" class=\"img-responsive wp-image-72\" srcset=\"https:\/\/conservationcoef.org\/wp-content\/uploads\/2026\/02\/bg_mixedMtn_Top_01-200x15.png 200w, https:\/\/conservationcoef.org\/wp-content\/uploads\/2026\/02\/bg_mixedMtn_Top_01-400x30.png 400w, https:\/\/conservationcoef.org\/wp-content\/uploads\/2026\/02\/bg_mixedMtn_Top_01-600x45.png 600w, https:\/\/conservationcoef.org\/wp-content\/uploads\/2026\/02\/bg_mixedMtn_Top_01-800x60.png 800w, https:\/\/conservationcoef.org\/wp-content\/uploads\/2026\/02\/bg_mixedMtn_Top_01-1200x90.png 1200w, https:\/\/conservationcoef.org\/wp-content\/uploads\/2026\/02\/bg_mixedMtn_Top_01-scaled.png 2560w\" sizes=\"(max-width: 640px) 100vw, 1200px\" \/><\/span><\/div><\/div><\/div><\/div><\/div>\n<div class=\"fusion-fullwidth fullwidth-box fusion-builder-row-4 fusion-flex-container has-pattern-background has-mask-background hundred-percent-fullwidth non-hundred-percent-height-scrolling\" style=\"--awb-border-radius-top-left:0px;--awb-border-radius-top-right:0px;--awb-border-radius-bottom-right:0px;--awb-border-radius-bottom-left:0px;--awb-padding-top:53px;--awb-padding-right:0px;--awb-padding-left:0px;--awb-background-color:var(--awb-color5);--awb-flex-wrap:wrap;\" ><div class=\"fusion-builder-row fusion-row fusion-flex-align-items-flex-start fusion-flex-content-wrap\" style=\"width:calc( 100% + 11px ) !important;max-width:calc( 100% + 11px ) !important;margin-left: calc(-11px \/ 2 );margin-right: calc(-11px \/ 2 );\"><div class=\"fusion-layout-column fusion_builder_column fusion-builder-column-3 fusion_builder_column_1_1 1_1 fusion-flex-column\" style=\"--awb-bg-size:cover;--awb-width-large:100%;--awb-margin-top-large:0px;--awb-spacing-right-large:5.5px;--awb-margin-bottom-large:0px;--awb-spacing-left-large:5.5px;--awb-width-medium:100%;--awb-order-medium:0;--awb-spacing-right-medium:5.5px;--awb-spacing-left-medium:5.5px;--awb-width-small:100%;--awb-order-small:0;--awb-spacing-right-small:5.5px;--awb-spacing-left-small:5.5px;\"><div class=\"fusion-column-wrapper fusion-column-has-shadow fusion-flex-justify-content-flex-start fusion-content-layout-column\"><div class=\"fusion-image-element\" style=\"--awb-caption-title-font-family:var(--h2_typography-font-family);--awb-caption-title-font-weight:var(--h2_typography-font-weight);--awb-caption-title-font-style:var(--h2_typography-font-style);--awb-caption-title-size:var(--h2_typography-font-size);--awb-caption-title-transform:var(--h2_typography-text-transform);--awb-caption-title-line-height:var(--h2_typography-line-height);--awb-caption-title-letter-spacing:var(--h2_typography-letter-spacing);\"><span class=\"fusion-imageframe imageframe-none imageframe-2 hover-type-none\"><img decoding=\"async\" width=\"1920\" height=\"178\" alt=\"Conservation Colorado Education Fund\" title=\"El Fondo Educativo de Conservaci\u00f3n de Colorado\" src=\"https:\/\/conservationcoef.org\/wp-content\/uploads\/2026\/02\/bg_whteMtn_Top_02.png\" class=\"img-responsive wp-image-54\" srcset=\"https:\/\/conservationcoef.org\/wp-content\/uploads\/2026\/02\/bg_whteMtn_Top_02-200x19.png 200w, https:\/\/conservationcoef.org\/wp-content\/uploads\/2026\/02\/bg_whteMtn_Top_02-400x37.png 400w, https:\/\/conservationcoef.org\/wp-content\/uploads\/2026\/02\/bg_whteMtn_Top_02-600x56.png 600w, https:\/\/conservationcoef.org\/wp-content\/uploads\/2026\/02\/bg_whteMtn_Top_02-800x74.png 800w, https:\/\/conservationcoef.org\/wp-content\/uploads\/2026\/02\/bg_whteMtn_Top_02-1200x111.png 1200w, https:\/\/conservationcoef.org\/wp-content\/uploads\/2026\/02\/bg_whteMtn_Top_02.png 1920w\" sizes=\"(max-width: 640px) 100vw, 1200px\" \/><\/span><\/div><\/div><\/div><\/div><\/div>\n<div class=\"fusion-fullwidth fullwidth-box fusion-builder-row-5 fusion-flex-container has-pattern-background has-mask-background nonhundred-percent-fullwidth non-hundred-percent-height-scrolling\" style=\"--awb-border-radius-top-left:0px;--awb-border-radius-top-right:0px;--awb-border-radius-bottom-right:0px;--awb-border-radius-bottom-left:0px;--awb-padding-top:73px;--awb-padding-bottom:53px;--awb-flex-wrap:wrap;\" ><div class=\"fusion-builder-row fusion-row fusion-flex-align-items-flex-start fusion-flex-content-wrap\" style=\"max-width:calc( 1201px + 11px );margin-left: calc(-11px \/ 2 );margin-right: calc(-11px \/ 2 );\"><div class=\"fusion-layout-column fusion_builder_column fusion-builder-column-4 fusion_builder_column_1_1 1_1 fusion-flex-column fusion-animated\" style=\"--awb-bg-size:cover;--awb-width-large:100%;--awb-margin-top-large:0px;--awb-spacing-right-large:5.5px;--awb-margin-bottom-large:0px;--awb-spacing-left-large:5.5px;--awb-width-medium:100%;--awb-order-medium:0;--awb-spacing-right-medium:5.5px;--awb-spacing-left-medium:5.5px;--awb-width-small:100%;--awb-order-small:0;--awb-spacing-right-small:5.5px;--awb-spacing-left-small:5.5px;\" data-animationtype=\"fadeInUp\" data-animationduration=\"0.3\" data-animationoffset=\"top-into-view\" data-scroll-devices=\"small-visibility,medium-visibility,large-visibility\"><div class=\"fusion-column-wrapper fusion-column-has-shadow fusion-flex-justify-content-flex-start fusion-content-layout-column\"><div class=\"fusion-title title fusion-title-3 fusion-sep-none fusion-title-center fusion-title-text fusion-title-size-two\" style=\"--awb-text-color:var(--awb-color7);--awb-margin-bottom:57px;--awb-margin-top-small:0px;--awb-margin-right-small:0px;--awb-margin-bottom-small:27px;--awb-margin-left-small:0px;--awb-font-size:37px;\"><h2 class=\"fusion-title-heading title-heading-center sm-text-align-left fusion-responsive-typography-calculated\" style=\"margin:0;text-transform:none;font-size:1em;--fontSize:37;line-height:1.33;\">Nuestras magn\u00edficas monta\u00f1as, r\u00edos cristalinos y amplios cielos azules no tienen rival.<\/h2><\/div><div class=\"fusion-title title fusion-title-4 fusion-sep-none fusion-title-center fusion-title-text fusion-title-size-two\" style=\"--awb-text-color:var(--awb-color3);--awb-margin-bottom:57px;--awb-margin-top-small:0px;--awb-margin-right-small:0px;--awb-margin-bottom-small:27px;--awb-margin-left-small:0px;--awb-font-size:37px;\"><h2 class=\"fusion-title-heading title-heading-center sm-text-align-left fusion-responsive-typography-calculated\" style=\"margin:0;text-transform:none;font-size:1em;--fontSize:37;line-height:1.33;\">La impresionante torre de granito de Browns Canyon, las exuberantes praderas de flores silvestres de Maroon Bells y el mar de arbustos de salvia aparentemente interminable que se extiende por el Noroeste de Colorado nos brindan una calidad de vida verdaderamente excepcional.<\/h2><\/div><div class=\"fusion-title title fusion-title-5 fusion-sep-none fusion-title-center fusion-title-text fusion-title-size-five\" style=\"--awb-text-color:var(--awb-custom_color_3);--awb-margin-bottom:0px;--awb-margin-top-small:0px;--awb-margin-right-small:0px;--awb-margin-bottom-small:0px;--awb-margin-left-small:0px;--awb-margin-bottom-medium:0px;--awb-font-size:27px;\"><h5 class=\"fusion-title-heading title-heading-center sm-text-align-left fusion-responsive-typography-calculated\" style=\"margin:0;text-transform:none;font-size:1em;--fontSize:27;line-height:1.03;\">Desafortunadamente, una serie de intereses en contra de la conservaci\u00f3n, junto con riesgos ambientales como la aceleraci\u00f3n del cambio clim\u00e1tico, amenazan con da\u00f1ar el estado que amamos. Necesitamos trabajar juntos para proteger el Colorado que tanto apreciamos.<\/h5><\/div><\/div><\/div><\/div><\/div><div class=\"fusion-fullwidth fullwidth-box fusion-builder-row-6 fusion-flex-container has-pattern-background has-mask-background hundred-percent-fullwidth non-hundred-percent-height-scrolling\" style=\"--awb-border-radius-top-left:0px;--awb-border-radius-top-right:0px;--awb-border-radius-bottom-right:0px;--awb-border-radius-bottom-left:0px;--awb-padding-right:0px;--awb-padding-left:0px;--awb-background-color:var(--awb-color1);--awb-flex-wrap:wrap;\" ><div class=\"fusion-builder-row fusion-row fusion-flex-align-items-flex-start fusion-flex-content-wrap\" style=\"width:calc( 100% + 11px ) !important;max-width:calc( 100% + 11px ) !important;margin-left: calc(-11px \/ 2 );margin-right: calc(-11px \/ 2 );\"><div class=\"fusion-layout-column fusion_builder_column fusion-builder-column-5 fusion_builder_column_1_1 1_1 fusion-flex-column\" style=\"--awb-bg-size:cover;--awb-width-large:100%;--awb-margin-top-large:0px;--awb-spacing-right-large:5.5px;--awb-margin-bottom-large:0px;--awb-spacing-left-large:5.5px;--awb-width-medium:100%;--awb-order-medium:0;--awb-spacing-right-medium:5.5px;--awb-spacing-left-medium:5.5px;--awb-width-small:100%;--awb-order-small:0;--awb-spacing-right-small:5.5px;--awb-spacing-left-small:5.5px;\"><div class=\"fusion-column-wrapper fusion-column-has-shadow fusion-flex-justify-content-flex-start fusion-content-layout-column\"><div class=\"fusion-image-element\" style=\"--awb-caption-title-font-family:var(--h2_typography-font-family);--awb-caption-title-font-weight:var(--h2_typography-font-weight);--awb-caption-title-font-style:var(--h2_typography-font-style);--awb-caption-title-size:var(--h2_typography-font-size);--awb-caption-title-transform:var(--h2_typography-text-transform);--awb-caption-title-line-height:var(--h2_typography-line-height);--awb-caption-title-letter-spacing:var(--h2_typography-letter-spacing);\"><span class=\"fusion-imageframe imageframe-none imageframe-3 hover-type-none\"><img decoding=\"async\" width=\"2560\" height=\"369\" alt=\"Conservation Colorado Education Fund\" title=\"El Fondo Educativo de Conservaci\u00f3n de Colorado\" src=\"https:\/\/conservationcoef.org\/wp-content\/uploads\/2026\/02\/bg_mixedMtn_GreenBottom_04-scaled.png\" class=\"img-responsive wp-image-70\" srcset=\"https:\/\/conservationcoef.org\/wp-content\/uploads\/2026\/02\/bg_mixedMtn_GreenBottom_04-200x29.png 200w, https:\/\/conservationcoef.org\/wp-content\/uploads\/2026\/02\/bg_mixedMtn_GreenBottom_04-400x58.png 400w, https:\/\/conservationcoef.org\/wp-content\/uploads\/2026\/02\/bg_mixedMtn_GreenBottom_04-600x87.png 600w, https:\/\/conservationcoef.org\/wp-content\/uploads\/2026\/02\/bg_mixedMtn_GreenBottom_04-800x115.png 800w, https:\/\/conservationcoef.org\/wp-content\/uploads\/2026\/02\/bg_mixedMtn_GreenBottom_04-1200x173.png 1200w, https:\/\/conservationcoef.org\/wp-content\/uploads\/2026\/02\/bg_mixedMtn_GreenBottom_04-scaled.png 2560w\" sizes=\"(max-width: 640px) 100vw, 1200px\" \/><\/span><\/div><\/div><\/div><\/div><\/div>\n<div class=\"fusion-fullwidth fullwidth-box fusion-builder-row-7 fusion-flex-container has-pattern-background has-mask-background nonhundred-percent-fullwidth non-hundred-percent-height-scrolling\" style=\"--awb-border-radius-top-left:0px;--awb-border-radius-top-right:0px;--awb-border-radius-bottom-right:0px;--awb-border-radius-bottom-left:0px;--awb-padding-top:73px;--awb-padding-bottom:43px;--awb-background-color:var(--awb-color3);--awb-flex-wrap:wrap;\" ><div class=\"fusion-builder-row fusion-row fusion-flex-align-items-flex-start fusion-flex-content-wrap\" style=\"max-width:calc( 1201px + 11px );margin-left: calc(-11px \/ 2 );margin-right: calc(-11px \/ 2 );\"><div class=\"fusion-layout-column fusion_builder_column fusion-builder-column-6 fusion_builder_column_1_1 1_1 fusion-flex-column fusion-animated\" style=\"--awb-bg-size:cover;--awb-width-large:100%;--awb-margin-top-large:0px;--awb-spacing-right-large:5.5px;--awb-margin-bottom-large:0px;--awb-spacing-left-large:5.5px;--awb-width-medium:100%;--awb-order-medium:0;--awb-spacing-right-medium:5.5px;--awb-spacing-left-medium:5.5px;--awb-width-small:100%;--awb-order-small:0;--awb-spacing-right-small:5.5px;--awb-spacing-left-small:5.5px;\" data-animationtype=\"fadeInDown\" data-animationduration=\"0.3\" data-animationoffset=\"top-into-view\" data-scroll-devices=\"small-visibility,medium-visibility,large-visibility\"><div class=\"fusion-column-wrapper fusion-column-has-shadow fusion-flex-justify-content-flex-start fusion-content-layout-column\"><div class=\"fusion-title title fusion-title-6 fusion-sep-none fusion-title-center fusion-title-text fusion-title-size-four\" style=\"--awb-text-color:var(--awb-color1);--awb-margin-top-small:0px;--awb-margin-right-small:0px;--awb-margin-bottom-small:27px;--awb-margin-left-small:0px;--awb-font-size:53px;\"><h4 class=\"fusion-title-heading title-heading-center sm-text-align-left fusion-responsive-typography-calculated\" style=\"margin:0;text-transform:none;font-size:1em;--fontSize:53;line-height:1.03;\">APOYA UN MEDIOAMBIENTE SALUDABLE PARA TODOS LAS PERSONAS DE COLORADO<\/h4><\/div><div class=\"fusion-title title fusion-title-7 fusion-sep-none fusion-title-center fusion-title-text fusion-title-size-two\" style=\"--awb-text-color:var(--awb-color1);--awb-margin-top-small:0px;--awb-margin-right-small:0px;--awb-margin-bottom-small:27px;--awb-margin-left-small:0px;--awb-font-size:31px;\"><h2 class=\"fusion-title-heading title-heading-center sm-text-align-left fusion-responsive-typography-calculated\" style=\"margin:0;text-transform:none;font-size:1em;--fontSize:31;line-height:1.33;\">Juntos, podemos proteger el aire, las tierras, el agua y las comunidades de Colorado.<\/h2><\/div><div class=\"fusion-text fusion-text-1 sm-text-align-left fusion-text-no-margin\" style=\"--awb-content-alignment:center;--awb-text-color:var(--awb-color1);--awb-margin-bottom:27px;\"><p>El Fondo Educativo de Conservaci\u00f3n de Colorado representa el siguiente cap\u00edtulo en la protecci\u00f3n del medio ambiente de Colorado. Con tu apoyo, continuaremos en primera l\u00ednea para proteger el aire, la tierra, el agua y las personas de Colorado.<\/p>\n<\/div><div class=\"sm-text-align-left\" style=\"text-align:center;\"><a class=\"fusion-button button-flat fusion-button-default-size button-custom fusion-button-default button-1 fusion-button-default-span fusion-button-default-type\" style=\"--button_accent_color:var(--awb-color1);--button_accent_hover_color:var(--awb-color1);--button_border_hover_color:var(--awb-color1);--button_gradient_top_color:var(--awb-color4);--button_gradient_bottom_color:var(--awb-color4);--button_gradient_top_color_hover:var(--awb-color7);--button_gradient_bottom_color_hover:var(--awb-color7);\" target=\"_self\" href=\"https:\/\/conservationcoef.org\/es\/donate\/\"><span class=\"fusion-button-text awb-button__text awb-button__text--default\">DONA HOY<\/span><\/a><\/div><\/div><\/div><\/div><\/div>\n<div class=\"fusion-fullwidth fullwidth-box fusion-builder-row-8 fusion-flex-container has-pattern-background has-mask-background hundred-percent-fullwidth non-hundred-percent-height-scrolling\" style=\"--awb-border-radius-top-left:0px;--awb-border-radius-top-right:0px;--awb-border-radius-bottom-right:0px;--awb-border-radius-bottom-left:0px;--awb-padding-right:0px;--awb-padding-left:0px;--awb-background-color:var(--awb-color3);--awb-flex-wrap:wrap;\" ><div class=\"fusion-builder-row fusion-row fusion-flex-align-items-flex-start fusion-flex-content-wrap\" style=\"width:calc( 100% + 11px ) !important;max-width:calc( 100% + 11px ) !important;margin-left: calc(-11px \/ 2 );margin-right: calc(-11px \/ 2 );\"><div class=\"fusion-layout-column fusion_builder_column fusion-builder-column-7 fusion_builder_column_1_1 1_1 fusion-flex-column\" style=\"--awb-bg-size:cover;--awb-width-large:100%;--awb-margin-top-large:0px;--awb-spacing-right-large:5.5px;--awb-margin-bottom-large:0px;--awb-spacing-left-large:5.5px;--awb-width-medium:100%;--awb-order-medium:0;--awb-spacing-right-medium:5.5px;--awb-spacing-left-medium:5.5px;--awb-width-small:100%;--awb-order-small:0;--awb-spacing-right-small:5.5px;--awb-spacing-left-small:5.5px;\"><div class=\"fusion-column-wrapper fusion-column-has-shadow fusion-flex-justify-content-flex-start fusion-content-layout-column\"><div class=\"fusion-image-element\" style=\"--awb-caption-title-font-family:var(--h2_typography-font-family);--awb-caption-title-font-weight:var(--h2_typography-font-weight);--awb-caption-title-font-style:var(--h2_typography-font-style);--awb-caption-title-size:var(--h2_typography-font-size);--awb-caption-title-transform:var(--h2_typography-text-transform);--awb-caption-title-line-height:var(--h2_typography-line-height);--awb-caption-title-letter-spacing:var(--h2_typography-letter-spacing);\"><span class=\"fusion-imageframe imageframe-none imageframe-4 hover-type-none\"><img decoding=\"async\" width=\"1920\" height=\"93\" alt=\"Conservation Colorado Education Fund\" title=\"El Fondo Educativo de Conservaci\u00f3n de Colorado\" src=\"https:\/\/conservationcoef.org\/wp-content\/uploads\/2026\/02\/bg_whteMtn_Top.png\" class=\"img-responsive wp-image-51\" srcset=\"https:\/\/conservationcoef.org\/wp-content\/uploads\/2026\/02\/bg_whteMtn_Top-200x10.png 200w, https:\/\/conservationcoef.org\/wp-content\/uploads\/2026\/02\/bg_whteMtn_Top-400x19.png 400w, https:\/\/conservationcoef.org\/wp-content\/uploads\/2026\/02\/bg_whteMtn_Top-600x29.png 600w, https:\/\/conservationcoef.org\/wp-content\/uploads\/2026\/02\/bg_whteMtn_Top-800x39.png 800w, https:\/\/conservationcoef.org\/wp-content\/uploads\/2026\/02\/bg_whteMtn_Top-1200x58.png 1200w, https:\/\/conservationcoef.org\/wp-content\/uploads\/2026\/02\/bg_whteMtn_Top.png 1920w\" sizes=\"(max-width: 640px) 100vw, 1200px\" \/><\/span><\/div><\/div><\/div><\/div><\/div>\n<\/p>","protected":false},"excerpt":{"rendered":"","protected":false},"author":1,"featured_media":0,"parent":0,"menu_order":1,"comment_status":"closed","ping_status":"closed","template":"100-width.php","meta":{"footnotes":""},"class_list":["post-2","page","type-page","status-publish","hentry"],"jetpack_sharing_enabled":true,"_links":{"self":[{"href":"https:\/\/conservationcoef.org\/es\/wp-json\/wp\/v2\/pages\/2","targetHints":{"allow":["GET"]}}],"collection":[{"href":"https:\/\/conservationcoef.org\/es\/wp-json\/wp\/v2\/pages"}],"about":[{"href":"https:\/\/conservationcoef.org\/es\/wp-json\/wp\/v2\/types\/page"}],"author":[{"embeddable":true,"href":"https:\/\/conservationcoef.org\/es\/wp-json\/wp\/v2\/users\/1"}],"replies":[{"embeddable":true,"href":"https:\/\/conservationcoef.org\/es\/wp-json\/wp\/v2\/comments?post=2"}],"version-history":[{"count":0,"href":"https:\/\/conservationcoef.org\/es\/wp-json\/wp\/v2\/pages\/2\/revisions"}],"wp:attachment":[{"href":"https:\/\/conservationcoef.org\/es\/wp-json\/wp\/v2\/media?parent=2"}],"curies":[{"name":"wp","href":"https:\/\/api.w.org\/{rel}","templated":true}]}}