{"id":164,"date":"2026-03-20T15:10:25","date_gmt":"2026-03-20T21:10:25","guid":{"rendered":"https:\/\/conservationcoef.org\/?page_id=164"},"modified":"2026-04-30T09:56:56","modified_gmt":"2026-04-30T15:56:56","slug":"donate-cwc-water-filters","status":"publish","type":"page","link":"https:\/\/conservationcoef.org\/es\/donate-cwc-water-filters\/","title":{"rendered":"Donate \u2013 CWC Water Filters"},"content":{"rendered":"<p><div class=\"fusion-fullwidth fullwidth-box fusion-builder-row-1 fusion-flex-container has-pattern-background has-mask-background nonhundred-percent-fullwidth non-hundred-percent-height-scrolling\" style=\"--awb-border-radius-top-left:0px;--awb-border-radius-top-right:0px;--awb-border-radius-bottom-right:0px;--awb-border-radius-bottom-left:0px;--awb-padding-top:73px;--awb-padding-bottom:53px;--awb-padding-top-small:37px;--awb-padding-bottom-small:37px;--awb-background-color:var(--awb-color3);--awb-flex-wrap:wrap;\" ><div class=\"fusion-builder-row fusion-row fusion-flex-align-items-flex-start fusion-flex-content-wrap\" style=\"max-width:calc( 1201px + 11px );margin-left: calc(-11px \/ 2 );margin-right: calc(-11px \/ 2 );\"><div class=\"fusion-layout-column fusion_builder_column fusion-builder-column-0 fusion_builder_column_1_1 1_1 fusion-flex-column fusion-animated\" style=\"--awb-bg-size:cover;--awb-width-large:100%;--awb-margin-top-large:0px;--awb-spacing-right-large:5.5px;--awb-margin-bottom-large:0px;--awb-spacing-left-large:5.5px;--awb-width-medium:100%;--awb-order-medium:0;--awb-spacing-right-medium:5.5px;--awb-spacing-left-medium:5.5px;--awb-width-small:100%;--awb-order-small:0;--awb-spacing-right-small:5.5px;--awb-spacing-left-small:5.5px;\" data-animationtype=\"fadeInDown\" data-animationduration=\"0.3\" data-animationoffset=\"top-into-view\" data-scroll-devices=\"small-visibility,medium-visibility,large-visibility\"><div class=\"fusion-column-wrapper fusion-column-has-shadow fusion-flex-justify-content-flex-start fusion-content-layout-column\"><div class=\"fusion-title title fusion-title-1 fusion-sep-none fusion-title-text fusion-title-size-one\" style=\"--awb-text-color:var(--awb-color1);--awb-margin-bottom:0px;--awb-margin-top-small:0px;--awb-margin-right-small:0px;--awb-margin-bottom-small:0px;--awb-margin-left-small:0px;--awb-margin-bottom-medium:0px;--awb-font-size:53px;\"><h1 class=\"fusion-title-heading title-heading-left fusion-responsive-typography-calculated\" style=\"margin:0;text-transform:none;font-size:1em;--fontSize:53;line-height:1.03;\">DONA<\/h1><\/div><\/div><\/div><\/div><\/div><div class=\"fusion-fullwidth fullwidth-box fusion-builder-row-2 fusion-flex-container has-pattern-background has-mask-background hundred-percent-fullwidth non-hundred-percent-height-scrolling\" style=\"--awb-border-radius-top-left:0px;--awb-border-radius-top-right:0px;--awb-border-radius-bottom-right:0px;--awb-border-radius-bottom-left:0px;--awb-padding-top:0px;--awb-padding-right:0px;--awb-padding-bottom:0px;--awb-padding-left:0px;--awb-padding-top-medium:0px;--awb-padding-right-medium:0px;--awb-padding-bottom-medium:0px;--awb-padding-left-medium:0px;--awb-padding-top-small:0px;--awb-padding-right-small:0px;--awb-padding-bottom-small:0px;--awb-padding-left-small:0px;--awb-margin-top:0px;--awb-margin-bottom:0px;--awb-margin-top-medium:0px;--awb-margin-bottom-medium:0px;--awb-margin-top-small:0px;--awb-margin-bottom-small:0px;--awb-background-color:var(--awb-color1);--awb-flex-wrap:nowrap;--awb-flex-wrap-small:nowrap;\" ><div class=\"fusion-builder-row fusion-row fusion-flex-align-items-stretch fusion-flex-content-wrap\" style=\"width:calc( 100% + 11px ) !important;max-width:calc( 100% + 11px ) !important;margin-left: calc(-11px \/ 2 );margin-right: calc(-11px \/ 2 );\"><div class=\"fusion-layout-column fusion_builder_column fusion-builder-column-1 fusion_builder_column_1_1 1_1 fusion-flex-column\" style=\"--awb-bg-size:cover;--awb-width-large:100%;--awb-margin-top-large:0px;--awb-spacing-right-large:5.5px;--awb-margin-bottom-large:0px;--awb-spacing-left-large:5.5px;--awb-width-medium:100%;--awb-order-medium:0;--awb-spacing-right-medium:5.5px;--awb-spacing-left-medium:5.5px;--awb-width-small:100%;--awb-order-small:0;--awb-spacing-right-small:5.5px;--awb-spacing-left-small:5.5px;\"><div class=\"fusion-column-wrapper fusion-column-has-shadow fusion-flex-justify-content-flex-start fusion-content-layout-column\"><div class=\"fusion-image-element\" style=\"--awb-margin-top:0px;--awb-margin-right:0px;--awb-margin-bottom:0px;--awb-margin-left:0px;--awb-margin-top-medium:0px;--awb-margin-right-medium:0px;--awb-margin-bottom-medium:0px;--awb-margin-left-medium:0px;--awb-margin-top-small:-3px;--awb-margin-right-small:0px;--awb-margin-bottom-small:0px;--awb-margin-left-small:0px;--awb-caption-title-font-family:var(--h2_typography-font-family);--awb-caption-title-font-weight:var(--h2_typography-font-weight);--awb-caption-title-font-style:var(--h2_typography-font-style);--awb-caption-title-size:var(--h2_typography-font-size);--awb-caption-title-transform:var(--h2_typography-text-transform);--awb-caption-title-line-height:var(--h2_typography-line-height);--awb-caption-title-letter-spacing:var(--h2_typography-letter-spacing);\"><span class=\"fusion-imageframe imageframe-none imageframe-1 hover-type-none\"><img decoding=\"async\" width=\"2560\" height=\"87\" alt=\"Conservation Colorado Education Fund\" title=\"El Fondo Educativo de Conservaci\u00f3n de Colorado\" src=\"https:\/\/conservationcoef.org\/wp-content\/uploads\/2026\/02\/bg_Mtn_GreenTop_Thin-scaled.png\" class=\"img-responsive wp-image-151\" srcset=\"https:\/\/conservationcoef.org\/wp-content\/uploads\/2026\/02\/bg_Mtn_GreenTop_Thin-200x7.png 200w, https:\/\/conservationcoef.org\/wp-content\/uploads\/2026\/02\/bg_Mtn_GreenTop_Thin-400x14.png 400w, https:\/\/conservationcoef.org\/wp-content\/uploads\/2026\/02\/bg_Mtn_GreenTop_Thin-600x20.png 600w, https:\/\/conservationcoef.org\/wp-content\/uploads\/2026\/02\/bg_Mtn_GreenTop_Thin-800x27.png 800w, https:\/\/conservationcoef.org\/wp-content\/uploads\/2026\/02\/bg_Mtn_GreenTop_Thin-1200x41.png 1200w, https:\/\/conservationcoef.org\/wp-content\/uploads\/2026\/02\/bg_Mtn_GreenTop_Thin-scaled.png 2560w\" sizes=\"(max-width: 640px) 100vw, 1200px\" \/><\/span><\/div><\/div><\/div><\/div><\/div>\n<div class=\"fusion-fullwidth fullwidth-box fusion-builder-row-3 fusion-flex-container has-pattern-background has-mask-background nonhundred-percent-fullwidth non-hundred-percent-height-scrolling\" style=\"--awb-border-radius-top-left:0px;--awb-border-radius-top-right:0px;--awb-border-radius-bottom-right:0px;--awb-border-radius-bottom-left:0px;--awb-padding-top:73px;--awb-padding-bottom:73px;--awb-background-color:var(--awb-color1);--awb-flex-wrap:wrap;\" ><div class=\"fusion-builder-row fusion-row fusion-flex-align-items-flex-start fusion-flex-content-wrap\" style=\"max-width:calc( 1201px + 11px );margin-left: calc(-11px \/ 2 );margin-right: calc(-11px \/ 2 );\"><div class=\"fusion-layout-column fusion_builder_column fusion-builder-column-2 fusion_builder_column_3_5 3_5 fusion-flex-column fusion-flex-align-self-stretch fusion-animated\" style=\"--awb-padding-right:73px;--awb-padding-right-medium:73px;--awb-padding-right-small:0px;--awb-padding-bottom-small:25px;--awb-bg-size:cover;--awb-width-large:60%;--awb-margin-top-large:0px;--awb-spacing-right-large:5.5px;--awb-margin-bottom-large:0px;--awb-spacing-left-large:5.5px;--awb-width-medium:60%;--awb-order-medium:0;--awb-spacing-right-medium:5.5px;--awb-spacing-left-medium:5.5px;--awb-width-small:100%;--awb-order-small:0;--awb-spacing-right-small:5.5px;--awb-spacing-left-small:5.5px;\" data-animationtype=\"fadeInRight\" data-animationduration=\"0.3\" data-animationoffset=\"top-into-view\" data-scroll-devices=\"small-visibility,medium-visibility,large-visibility\"><div class=\"fusion-column-wrapper fusion-column-has-shadow fusion-flex-justify-content-flex-start fusion-content-layout-column\"><div class=\"fusion-title title fusion-title-2 fusion-sep-none fusion-title-text fusion-title-size-two\" style=\"--awb-text-color:var(--awb-color3);--awb-margin-top-small:0px;--awb-margin-right-small:0px;--awb-margin-bottom-small:27px;--awb-margin-left-small:0px;--awb-font-size:32px;\"><h2 class=\"fusion-title-heading title-heading-left fusion-responsive-typography-calculated\" style=\"margin:0;text-transform:none;font-size:1em;--fontSize:32;line-height:1.33;\">\u202fLlevemos <strong>agua potable<\/strong> a los residentes de casas m\u00f3viles del condado de\u202fLarimer\u202f<\/h2><\/div><div class=\"fusion-text fusion-text-1\"><p>El acceso fiable al agua potable es esencial para todos los hogares. Sin embargo, muchas familias de los parques de casas m\u00f3viles del condado de\u202fLarimer\u202fse enfrentan a repetidos avisos de hervir el agua, a un agua visiblemente descolorida, a olores persistentes y a una incertidumbre constante sobre la seguridad de su agua potable. Aunque se est\u00e1n llevando a cabo soluciones de infraestructura a largo plazo, los filtros de agua dom\u00e9sticos ofrecen una protecci\u00f3n inmediata.\u202f<\/p>\n<p>Los socios locales, entre los que se incluyen <a href=\"https:\/\/thefamilycenterfc.org\/mi-voz-leadership-and-advocacy\/\" target=\"_blank\" rel=\"noopener\"><strong>Mi Voz<\/strong><\/a> y el <a href=\"https:\/\/watercenter.colostate.edu\/\" target=\"_blank\" rel=\"noopener\"><strong>Colorado Water Center<\/strong><\/a>, est\u00e1n colaborando directamente con los residentes para evaluar las necesidades, priorizar las ayudas y coordinar la financiaci\u00f3n. Esta iniciativa se suma a anteriores campa\u00f1as de recaudaci\u00f3n de fondos y a s\u00f3lidas alianzas comunitarias, entre las que destacan <strong><a href=\"https:\/\/conservationco.org\/\" target=\"_blank\" rel=\"noopener\">Conservation Colorado<\/a><\/strong> que act\u00faa como patrocinador fiscal, y\u202fEpic\u202fWater\u202fFilters, que proporciona filtros a precios reducidos para ampliar el acceso a m\u00e1s hogares.\u202f<\/p>\n<p><strong>\u00a1Ay\u00fadanos a recaudar $100,000! \u00a1Tu donaci\u00f3n contribuir\u00e1 a que casi 2000 vecinos tengan acceso a agua potable!\u202f<\/strong><\/p>\n<\/div><div class=\"fusion-separator fusion-full-width-sep\" style=\"align-self: center;margin-left: auto;margin-right: auto;margin-bottom:25px;width:100%;\"><\/div><div class=\"fusion-builder-row fusion-builder-row-inner fusion-row fusion-flex-align-items-flex-start fusion-flex-content-wrap\" style=\"--awb-flex-grow:0;--awb-flex-grow-medium:0;--awb-flex-grow-small:0;--awb-flex-shrink:0;--awb-flex-shrink-medium:0;--awb-flex-shrink-small:0;width:calc( 100% + 11px ) !important;max-width:calc( 100% + 11px ) !important;margin-left: calc(-11px \/ 2 );margin-right: calc(-11px \/ 2 );\"><div class=\"fusion-layout-column fusion_builder_column_inner fusion-builder-nested-column-0 fusion_builder_column_inner_2_5 2_5 fusion-flex-column fusion-flex-align-self-stretch\" style=\"--awb-padding-bottom-small:11px;--awb-bg-image:url(&#039;https:\/\/conservationcoef.org\/wp-content\/uploads\/2026\/04\/CWC_Water_01.jpg&#039;);--awb-bg-size:cover;--awb-width-large:40%;--awb-margin-top-large:0px;--awb-spacing-right-large:5.5px;--awb-margin-bottom-large:0px;--awb-spacing-left-large:5.5px;--awb-width-medium:40%;--awb-order-medium:0;--awb-spacing-right-medium:5.5px;--awb-spacing-left-medium:5.5px;--awb-width-small:100%;--awb-order-small:0;--awb-spacing-right-small:5.5px;--awb-spacing-left-small:5.5px;\" data-scroll-devices=\"small-visibility,medium-visibility,large-visibility\"><div class=\"fusion-column-wrapper fusion-column-has-shadow fusion-flex-justify-content-flex-start fusion-content-layout-column fusion-empty-column-bg-image fusion-column-has-bg-image\" data-bg-url=\"https:\/\/conservationcoef.org\/wp-content\/uploads\/2026\/04\/CWC_Water_01.jpg\"><img decoding=\"async\" class=\"fusion-empty-dims-img-placeholder\" alt=\"Clean Water to Larimer County\" aria-label=\"Clean Water to Larimer County\" src=\"data:image\/svg+xml,%3Csvg%20xmlns%3D%27http%3A%2F%2Fwww.w3.org%2F2000%2Fsvg%27%20width%3D%27809%27%20height%3D%27905%27%20viewBox%3D%270%200%20809%20905%27%3E%3Crect%20width%3D%27809%27%20height%3D%27905%27%20fill-opacity%3D%220%22%2F%3E%3C%2Fsvg%3E\"><\/div><\/div><div class=\"fusion-layout-column fusion_builder_column_inner fusion-builder-nested-column-1 fusion_builder_column_inner_3_5 3_5 fusion-flex-column fusion-flex-align-self-stretch\" style=\"--awb-bg-size:cover;--awb-width-large:60%;--awb-margin-top-large:0px;--awb-spacing-right-large:5.5px;--awb-margin-bottom-large:0px;--awb-spacing-left-large:5.5px;--awb-width-medium:60%;--awb-order-medium:0;--awb-spacing-right-medium:5.5px;--awb-spacing-left-medium:5.5px;--awb-width-small:100%;--awb-order-small:0;--awb-margin-top-small:11px;--awb-spacing-right-small:5.5px;--awb-spacing-left-small:5.5px;\" data-scroll-devices=\"small-visibility,medium-visibility,large-visibility\"><div class=\"fusion-column-wrapper fusion-column-has-shadow fusion-flex-justify-content-flex-start fusion-content-layout-column\"><div class=\"fusion-image-element\" style=\"--awb-caption-title-font-family:var(--h2_typography-font-family);--awb-caption-title-font-weight:var(--h2_typography-font-weight);--awb-caption-title-font-style:var(--h2_typography-font-style);--awb-caption-title-size:var(--h2_typography-font-size);--awb-caption-title-transform:var(--h2_typography-text-transform);--awb-caption-title-line-height:var(--h2_typography-line-height);--awb-caption-title-letter-spacing:var(--h2_typography-letter-spacing);\"><span class=\"fusion-imageframe imageframe-none imageframe-2 hover-type-none\"><img decoding=\"async\" width=\"1049\" height=\"905\" alt=\"Clean Water to Larimer County\" title=\"Clean Water to Larimer County\" src=\"https:\/\/conservationcoef.org\/wp-content\/uploads\/2026\/04\/CWC_Water_02.jpg\" class=\"img-responsive wp-image-180\" srcset=\"https:\/\/conservationcoef.org\/wp-content\/uploads\/2026\/04\/CWC_Water_02-200x173.jpg 200w, https:\/\/conservationcoef.org\/wp-content\/uploads\/2026\/04\/CWC_Water_02-400x345.jpg 400w, https:\/\/conservationcoef.org\/wp-content\/uploads\/2026\/04\/CWC_Water_02-600x518.jpg 600w, https:\/\/conservationcoef.org\/wp-content\/uploads\/2026\/04\/CWC_Water_02-800x690.jpg 800w, https:\/\/conservationcoef.org\/wp-content\/uploads\/2026\/04\/CWC_Water_02.jpg 1049w\" sizes=\"(max-width: 640px) 100vw, 800px\" \/><\/span><\/div><\/div><\/div><\/div><div class=\"fusion-separator fusion-full-width-sep\" style=\"align-self: center;margin-left: auto;margin-right: auto;margin-bottom:25px;width:100%;\"><\/div><div class=\"fusion-title title fusion-title-3 fusion-sep-none fusion-title-text fusion-title-size-two\" style=\"--awb-text-color:var(--awb-color3);--awb-margin-top-small:0px;--awb-margin-right-small:0px;--awb-margin-bottom-small:27px;--awb-margin-left-small:0px;--awb-font-size:27px;\"><h2 class=\"fusion-title-heading title-heading-left fusion-responsive-typography-calculated\" style=\"margin:0;text-transform:none;font-size:1em;--fontSize:27;line-height:1.33;\">Niveles de donaci\u00f3n\u202f<\/h2><\/div><div class=\"fusion-title title fusion-title-4 fusion-sep-none fusion-title-text fusion-title-size-two\" style=\"--awb-text-color:var(--awb-color5);--awb-margin-bottom:13px;--awb-margin-top-small:0px;--awb-margin-right-small:0px;--awb-margin-bottom-small:13px;--awb-margin-left-small:0px;--awb-margin-bottom-medium:13px;--awb-font-size:23px;\"><h2 class=\"fusion-title-heading title-heading-left fusion-responsive-typography-calculated\" style=\"margin:0;text-transform:none;font-size:1em;--fontSize:23;--minFontSize:23;line-height:1.33;\">\ud83d\udca7 $10 Financia un filtro<\/h2><\/div><div class=\"fusion-text fusion-text-2\"><p>Financia un filtro de agua de recambio, lo que contribuye a garantizar el agua potable para un hogar.<\/p>\n<\/div><div class=\"fusion-title title fusion-title-5 fusion-sep-none fusion-title-text fusion-title-size-two\" style=\"--awb-text-color:var(--awb-color5);--awb-margin-bottom:13px;--awb-margin-top-small:0px;--awb-margin-right-small:0px;--awb-margin-bottom-small:13px;--awb-margin-left-small:0px;--awb-margin-bottom-medium:13px;--awb-font-size:23px;\"><h2 class=\"fusion-title-heading title-heading-left fusion-responsive-typography-calculated\" style=\"margin:0;text-transform:none;font-size:1em;--fontSize:23;--minFontSize:23;line-height:1.33;\">\ud83d\udca7 $25 Iniciar una configuraci\u00f3n<\/h2><\/div><div class=\"fusion-text fusion-text-3\"><p>Cubre la compra de una jarra filtrante <a href=\"https:\/\/www.epicwaterfilters.com\/products\/epic-nano-water-filter-pitcher\" target=\"_blank\" rel=\"noopener\"><strong>Epic Water Filter\u202fNano XP Water Pitcher<\/strong><\/a> y un filtro inicial para un hogar.<\/p>\n<\/div><div class=\"fusion-title title fusion-title-6 fusion-sep-none fusion-title-text fusion-title-size-two\" style=\"--awb-text-color:var(--awb-color5);--awb-margin-bottom:13px;--awb-margin-top-small:0px;--awb-margin-right-small:0px;--awb-margin-bottom-small:13px;--awb-margin-left-small:0px;--awb-margin-bottom-medium:13px;--awb-font-size:23px;\"><h2 class=\"fusion-title-heading title-heading-left fusion-responsive-typography-calculated\" style=\"margin:0;text-transform:none;font-size:1em;--fontSize:23;--minFontSize:23;line-height:1.33;\">\ud83d\udca7 $50 Equipar completamente un hogar<\/h2><\/div><div class=\"fusion-text fusion-text-4\"><p>Incluye un kit completo de filtrado de agua, compuesto por una jarra filtrante <a href=\"https:\/\/www.epicwaterfilters.com\/products\/epic-nano-water-filter-pitcher\" target=\"_blank\" rel=\"noopener\"><strong>Epic Water Filter\u202fNano XP Water Pitcher<\/strong><\/a> y tres filtros de recambio, lo que garantiza aproximadamente un a\u00f1o de agua potable limpia para una familia.<\/p>\n<\/div><div class=\"fusion-title title fusion-title-7 fusion-sep-none fusion-title-text fusion-title-size-two\" style=\"--awb-text-color:var(--awb-color5);--awb-margin-bottom:13px;--awb-margin-top-small:0px;--awb-margin-right-small:0px;--awb-margin-bottom-small:13px;--awb-margin-left-small:0px;--awb-margin-bottom-medium:13px;--awb-font-size:23px;\"><h2 class=\"fusion-title-heading title-heading-left fusion-responsive-typography-calculated\" style=\"margin:0;text-transform:none;font-size:1em;--fontSize:23;--minFontSize:23;line-height:1.33;\">\ud83d\udca7 Ampliar la ayuda inmediata<\/h2><\/div><div class=\"fusion-text fusion-text-5\"><p>Ampl\u00eda la distribuci\u00f3n de filtros de agua a m\u00e1s hogares, lo que mejora el acceso inmediato al agua potable en las comunidades prioritarias.<\/p>\n<\/div><\/div><\/div><div class=\"fusion-layout-column fusion_builder_column fusion-builder-column-3 fusion_builder_column_2_5 2_5 fusion-flex-column fusion-flex-align-self-stretch fusion-animated\" style=\"--awb-padding-top:25px;--awb-padding-right:35px;--awb-padding-bottom:25px;--awb-padding-left:35px;--awb-overflow:hidden;--awb-bg-color:rgba(156,218,237,0.41);--awb-bg-color-hover:rgba(156,218,237,0.41);--awb-bg-size:cover;--awb-border-radius:8px 8px 8px 8px;--awb-width-large:40%;--awb-margin-top-large:0px;--awb-spacing-right-large:5.5px;--awb-margin-bottom-large:0px;--awb-spacing-left-large:5.5px;--awb-width-medium:40%;--awb-order-medium:0;--awb-spacing-right-medium:5.5px;--awb-spacing-left-medium:5.5px;--awb-width-small:100%;--awb-order-small:0;--awb-spacing-right-small:5.5px;--awb-spacing-left-small:5.5px;\" data-animationtype=\"fadeInLeft\" data-animationduration=\"0.3\" data-animationoffset=\"top-into-view\" data-scroll-devices=\"small-visibility,medium-visibility,large-visibility\"><div class=\"fusion-column-wrapper fusion-column-has-shadow fusion-flex-justify-content-flex-start fusion-content-layout-column\"><script src=\"https:\/\/www.google.com\/recaptcha\/api.js?render=6LfI2jEbAAAAAD6ffBCj5BnQzmjaVFS_baU7NkMH\"><\/script><script src='https:\/\/widgets2.kimbia.com\/Widgets2\/form2\/form2.js?channel=cwc\/cwcwaterfilterdonation'><\/script><div class=\"fusion-separator fusion-full-width-sep\" style=\"align-self: center;margin-left: auto;margin-right: auto;margin-bottom:25px;width:100%;\"><\/div><div class=\"fusion-text fusion-text-6\" style=\"--awb-text-color:var(--awb-color5);\"><p><strong>Nota:<\/strong> Una peque\u00f1a parte de los fondos recaudados se destina a cubrir las comisiones por el procesamiento de las tarjetas de cr\u00e9dito y a sufragar los gastos administrativos, con el fin de garantizar que el programa se lleve a cabo de manera eficaz y llegue a las comunidades que lo necesitan.<\/p>\n<\/div><\/div><\/div><\/div><\/div><div class=\"fusion-fullwidth fullwidth-box fusion-builder-row-4 fusion-flex-container has-pattern-background has-mask-background hundred-percent-fullwidth non-hundred-percent-height-scrolling\" style=\"--awb-border-radius-top-left:0px;--awb-border-radius-top-right:0px;--awb-border-radius-bottom-right:0px;--awb-border-radius-bottom-left:0px;--awb-padding-right:0px;--awb-padding-bottom:146px;--awb-padding-left:0px;--awb-background-color:var(--awb-color3);--awb-flex-wrap:wrap;\" ><div class=\"fusion-builder-row fusion-row fusion-flex-align-items-flex-start fusion-flex-content-wrap\" style=\"width:calc( 100% + 11px ) !important;max-width:calc( 100% + 11px ) !important;margin-left: calc(-11px \/ 2 );margin-right: calc(-11px \/ 2 );\"><div class=\"fusion-layout-column fusion_builder_column fusion-builder-column-4 fusion_builder_column_1_1 1_1 fusion-flex-column\" style=\"--awb-bg-size:cover;--awb-width-large:100%;--awb-margin-top-large:0px;--awb-spacing-right-large:5.5px;--awb-margin-bottom-large:0px;--awb-spacing-left-large:5.5px;--awb-width-medium:100%;--awb-order-medium:0;--awb-spacing-right-medium:5.5px;--awb-spacing-left-medium:5.5px;--awb-width-small:100%;--awb-order-small:0;--awb-spacing-right-small:5.5px;--awb-spacing-left-small:5.5px;\"><div class=\"fusion-column-wrapper fusion-column-has-shadow fusion-flex-justify-content-flex-start fusion-content-layout-column\"><\/div><\/div><\/div><\/div>\n<div class=\"fusion-fullwidth fullwidth-box fusion-builder-row-5 fusion-flex-container has-pattern-background has-mask-background hundred-percent-fullwidth non-hundred-percent-height-scrolling\" style=\"--awb-border-radius-top-left:0px;--awb-border-radius-top-right:0px;--awb-border-radius-bottom-right:0px;--awb-border-radius-bottom-left:0px;--awb-padding-right:0px;--awb-padding-left:0px;--awb-background-color:var(--awb-color3);--awb-flex-wrap:wrap;\" ><div class=\"fusion-builder-row fusion-row fusion-flex-align-items-flex-start fusion-flex-content-wrap\" style=\"width:calc( 100% + 11px ) !important;max-width:calc( 100% + 11px ) !important;margin-left: calc(-11px \/ 2 );margin-right: calc(-11px \/ 2 );\"><div class=\"fusion-layout-column fusion_builder_column fusion-builder-column-5 fusion_builder_column_1_1 1_1 fusion-flex-column\" style=\"--awb-bg-size:cover;--awb-width-large:100%;--awb-margin-top-large:0px;--awb-spacing-right-large:5.5px;--awb-margin-bottom-large:0px;--awb-spacing-left-large:5.5px;--awb-width-medium:100%;--awb-order-medium:0;--awb-spacing-right-medium:5.5px;--awb-spacing-left-medium:5.5px;--awb-width-small:100%;--awb-order-small:0;--awb-spacing-right-small:5.5px;--awb-spacing-left-small:5.5px;\"><div class=\"fusion-column-wrapper fusion-column-has-shadow fusion-flex-justify-content-flex-start fusion-content-layout-column\"><div class=\"fusion-image-element\" style=\"--awb-caption-title-font-family:var(--h2_typography-font-family);--awb-caption-title-font-weight:var(--h2_typography-font-weight);--awb-caption-title-font-style:var(--h2_typography-font-style);--awb-caption-title-size:var(--h2_typography-font-size);--awb-caption-title-transform:var(--h2_typography-text-transform);--awb-caption-title-line-height:var(--h2_typography-line-height);--awb-caption-title-letter-spacing:var(--h2_typography-letter-spacing);\"><span class=\"fusion-imageframe imageframe-none imageframe-3 hover-type-none\"><img decoding=\"async\" width=\"1920\" height=\"93\" alt=\"Conservation Colorado Education Fund\" title=\"El Fondo Educativo de Conservaci\u00f3n de Colorado\" src=\"https:\/\/conservationcoef.org\/wp-content\/uploads\/2026\/02\/bg_whteMtn_Top.png\" class=\"img-responsive wp-image-51\" srcset=\"https:\/\/conservationcoef.org\/wp-content\/uploads\/2026\/02\/bg_whteMtn_Top-200x10.png 200w, https:\/\/conservationcoef.org\/wp-content\/uploads\/2026\/02\/bg_whteMtn_Top-400x19.png 400w, https:\/\/conservationcoef.org\/wp-content\/uploads\/2026\/02\/bg_whteMtn_Top-600x29.png 600w, https:\/\/conservationcoef.org\/wp-content\/uploads\/2026\/02\/bg_whteMtn_Top-800x39.png 800w, https:\/\/conservationcoef.org\/wp-content\/uploads\/2026\/02\/bg_whteMtn_Top-1200x58.png 1200w, https:\/\/conservationcoef.org\/wp-content\/uploads\/2026\/02\/bg_whteMtn_Top.png 1920w\" sizes=\"(max-width: 640px) 100vw, 1200px\" \/><\/span><\/div><\/div><\/div><\/div><\/div>\n<\/p>","protected":false},"excerpt":{"rendered":"","protected":false},"author":2,"featured_media":0,"parent":0,"menu_order":8,"comment_status":"closed","ping_status":"closed","template":"100-width.php","meta":{"footnotes":""},"class_list":["post-164","page","type-page","status-publish","hentry"],"jetpack_sharing_enabled":true,"_links":{"self":[{"href":"https:\/\/conservationcoef.org\/es\/wp-json\/wp\/v2\/pages\/164","targetHints":{"allow":["GET"]}}],"collection":[{"href":"https:\/\/conservationcoef.org\/es\/wp-json\/wp\/v2\/pages"}],"about":[{"href":"https:\/\/conservationcoef.org\/es\/wp-json\/wp\/v2\/types\/page"}],"author":[{"embeddable":true,"href":"https:\/\/conservationcoef.org\/es\/wp-json\/wp\/v2\/users\/2"}],"replies":[{"embeddable":true,"href":"https:\/\/conservationcoef.org\/es\/wp-json\/wp\/v2\/comments?post=164"}],"version-history":[{"count":0,"href":"https:\/\/conservationcoef.org\/es\/wp-json\/wp\/v2\/pages\/164\/revisions"}],"wp:attachment":[{"href":"https:\/\/conservationcoef.org\/es\/wp-json\/wp\/v2\/media?parent=164"}],"curies":[{"name":"wp","href":"https:\/\/api.w.org\/{rel}","templated":true}]}}