{"id":118,"date":"2026-02-02T23:34:15","date_gmt":"2026-02-03T06:34:15","guid":{"rendered":"https:\/\/conservcoef.wpenginepowered.com\/?page_id=118"},"modified":"2026-02-18T17:10:32","modified_gmt":"2026-02-19T00:10:32","slug":"contact","status":"publish","type":"page","link":"https:\/\/conservationcoef.org\/es\/contact\/","title":{"rendered":"Contacto"},"content":{"rendered":"<p><div class=\"fusion-fullwidth fullwidth-box fusion-builder-row-1 fusion-flex-container has-pattern-background has-mask-background nonhundred-percent-fullwidth non-hundred-percent-height-scrolling\" style=\"--awb-border-radius-top-left:0px;--awb-border-radius-top-right:0px;--awb-border-radius-bottom-right:0px;--awb-border-radius-bottom-left:0px;--awb-padding-top:73px;--awb-padding-bottom:53px;--awb-padding-top-small:37px;--awb-padding-bottom-small:37px;--awb-background-color:var(--awb-color4);--awb-flex-wrap:wrap;\" ><div class=\"fusion-builder-row fusion-row fusion-flex-align-items-flex-start fusion-flex-content-wrap\" style=\"max-width:calc( 1201px + 11px );margin-left: calc(-11px \/ 2 );margin-right: calc(-11px \/ 2 );\"><div class=\"fusion-layout-column fusion_builder_column fusion-builder-column-0 fusion_builder_column_1_1 1_1 fusion-flex-column fusion-animated\" style=\"--awb-bg-size:cover;--awb-width-large:100%;--awb-margin-top-large:0px;--awb-spacing-right-large:5.5px;--awb-margin-bottom-large:0px;--awb-spacing-left-large:5.5px;--awb-width-medium:100%;--awb-order-medium:0;--awb-spacing-right-medium:5.5px;--awb-spacing-left-medium:5.5px;--awb-width-small:100%;--awb-order-small:0;--awb-spacing-right-small:5.5px;--awb-spacing-left-small:5.5px;\" data-animationtype=\"fadeInDown\" data-animationduration=\"0.3\" data-animationoffset=\"top-into-view\" data-scroll-devices=\"small-visibility,medium-visibility,large-visibility\"><div class=\"fusion-column-wrapper fusion-column-has-shadow fusion-flex-justify-content-flex-start fusion-content-layout-column\"><div class=\"fusion-title title fusion-title-1 fusion-sep-none fusion-title-center fusion-title-text fusion-title-size-one\" style=\"--awb-text-color:var(--awb-color7);--awb-margin-bottom:0px;--awb-margin-top-small:0px;--awb-margin-right-small:0px;--awb-margin-bottom-small:0px;--awb-margin-left-small:0px;--awb-margin-bottom-medium:0px;--awb-font-size:53px;\"><h1 class=\"fusion-title-heading title-heading-center fusion-responsive-typography-calculated\" style=\"margin:0;text-transform:none;font-size:1em;--fontSize:53;line-height:1.03;\">CONTACTO<\/h1><\/div><\/div><\/div><\/div><\/div><div class=\"fusion-fullwidth fullwidth-box fusion-builder-row-2 fusion-flex-container has-pattern-background has-mask-background hundred-percent-fullwidth non-hundred-percent-height-scrolling\" style=\"--awb-border-radius-top-left:0px;--awb-border-radius-top-right:0px;--awb-border-radius-bottom-right:0px;--awb-border-radius-bottom-left:0px;--awb-padding-top:0px;--awb-padding-right:0px;--awb-padding-bottom:0px;--awb-padding-left:0px;--awb-padding-top-medium:0px;--awb-padding-right-medium:0px;--awb-padding-bottom-medium:0px;--awb-padding-left-medium:0px;--awb-padding-top-small:0px;--awb-padding-right-small:0px;--awb-padding-bottom-small:0px;--awb-padding-left-small:0px;--awb-margin-top:0px;--awb-margin-bottom:0px;--awb-margin-top-medium:0px;--awb-margin-bottom-medium:0px;--awb-margin-top-small:0px;--awb-margin-bottom-small:0px;--awb-background-color:var(--awb-color1);--awb-flex-wrap:nowrap;--awb-flex-wrap-small:nowrap;\" ><div class=\"fusion-builder-row fusion-row fusion-flex-align-items-stretch fusion-flex-content-wrap\" style=\"width:calc( 100% + 11px ) !important;max-width:calc( 100% + 11px ) !important;margin-left: calc(-11px \/ 2 );margin-right: calc(-11px \/ 2 );\"><div class=\"fusion-layout-column fusion_builder_column fusion-builder-column-1 fusion_builder_column_1_1 1_1 fusion-flex-column\" style=\"--awb-bg-size:cover;--awb-width-large:100%;--awb-margin-top-large:0px;--awb-spacing-right-large:5.5px;--awb-margin-bottom-large:0px;--awb-spacing-left-large:5.5px;--awb-width-medium:100%;--awb-order-medium:0;--awb-spacing-right-medium:5.5px;--awb-spacing-left-medium:5.5px;--awb-width-small:100%;--awb-order-small:0;--awb-spacing-right-small:5.5px;--awb-spacing-left-small:5.5px;\"><div class=\"fusion-column-wrapper fusion-column-has-shadow fusion-flex-justify-content-flex-start fusion-content-layout-column\"><div class=\"fusion-image-element\" style=\"--awb-margin-top:0px;--awb-margin-right:0px;--awb-margin-bottom:0px;--awb-margin-left:0px;--awb-margin-top-medium:0px;--awb-margin-right-medium:0px;--awb-margin-bottom-medium:0px;--awb-margin-left-medium:0px;--awb-margin-top-small:-3px;--awb-margin-right-small:0px;--awb-margin-bottom-small:0px;--awb-margin-left-small:0px;--awb-caption-title-font-family:var(--h2_typography-font-family);--awb-caption-title-font-weight:var(--h2_typography-font-weight);--awb-caption-title-font-style:var(--h2_typography-font-style);--awb-caption-title-size:var(--h2_typography-font-size);--awb-caption-title-transform:var(--h2_typography-text-transform);--awb-caption-title-line-height:var(--h2_typography-line-height);--awb-caption-title-letter-spacing:var(--h2_typography-letter-spacing);\"><span class=\"fusion-imageframe imageframe-none imageframe-1 hover-type-none\"><img decoding=\"async\" width=\"2560\" height=\"87\" alt=\"Conservation Colorado Education Fund\" title=\"El Fondo Educativo de Conservaci\u00f3n de Colorado\" src=\"https:\/\/conservationcoef.org\/wp-content\/uploads\/2026\/02\/bg_Mtn_YellowTop-scaled.png\" class=\"img-responsive wp-image-125\" srcset=\"https:\/\/conservationcoef.org\/wp-content\/uploads\/2026\/02\/bg_Mtn_YellowTop-200x7.png 200w, https:\/\/conservationcoef.org\/wp-content\/uploads\/2026\/02\/bg_Mtn_YellowTop-400x14.png 400w, https:\/\/conservationcoef.org\/wp-content\/uploads\/2026\/02\/bg_Mtn_YellowTop-600x20.png 600w, https:\/\/conservationcoef.org\/wp-content\/uploads\/2026\/02\/bg_Mtn_YellowTop-800x27.png 800w, https:\/\/conservationcoef.org\/wp-content\/uploads\/2026\/02\/bg_Mtn_YellowTop-1200x41.png 1200w, https:\/\/conservationcoef.org\/wp-content\/uploads\/2026\/02\/bg_Mtn_YellowTop-scaled.png 2560w\" sizes=\"(max-width: 640px) 100vw, 1200px\" \/><\/span><\/div><\/div><\/div><\/div><\/div>\n<div class=\"fusion-fullwidth fullwidth-box fusion-builder-row-3 fusion-flex-container has-pattern-background has-mask-background nonhundred-percent-fullwidth non-hundred-percent-height-scrolling\" style=\"--awb-border-radius-top-left:0px;--awb-border-radius-top-right:0px;--awb-border-radius-bottom-right:0px;--awb-border-radius-bottom-left:0px;--awb-padding-top:73px;--awb-padding-bottom:73px;--awb-background-color:var(--awb-color1);--awb-flex-wrap:wrap;\" ><div class=\"fusion-builder-row fusion-row fusion-flex-align-items-flex-start fusion-flex-content-wrap\" style=\"max-width:calc( 1201px + 11px );margin-left: calc(-11px \/ 2 );margin-right: calc(-11px \/ 2 );\"><div class=\"fusion-layout-column fusion_builder_column fusion-builder-column-2 fusion_builder_column_1_1 1_1 fusion-flex-column fusion-animated\" style=\"--awb-bg-size:cover;--awb-width-large:100%;--awb-margin-top-large:0px;--awb-spacing-right-large:5.5px;--awb-margin-bottom-large:0px;--awb-spacing-left-large:5.5px;--awb-width-medium:100%;--awb-order-medium:0;--awb-spacing-right-medium:5.5px;--awb-spacing-left-medium:5.5px;--awb-width-small:100%;--awb-order-small:0;--awb-spacing-right-small:5.5px;--awb-spacing-left-small:5.5px;\" data-animationtype=\"fadeInUp\" data-animationduration=\"0.3\" data-animationoffset=\"top-into-view\" data-scroll-devices=\"small-visibility,medium-visibility,large-visibility\"><div class=\"fusion-column-wrapper fusion-column-has-shadow fusion-flex-justify-content-flex-start fusion-content-layout-column\"><div class=\"fusion-title title fusion-title-2 fusion-sep-none fusion-title-center fusion-title-text fusion-title-size-two\" style=\"--awb-text-color:var(--awb-color5);--awb-margin-bottom:43px;--awb-margin-top-small:0px;--awb-margin-right-small:0px;--awb-margin-bottom-small:43px;--awb-margin-left-small:0px;--awb-margin-bottom-medium:43px;--awb-font-size:43px;\"><h2 class=\"fusion-title-heading title-heading-center fusion-responsive-typography-calculated\" style=\"margin:0;text-transform:none;font-size:1em;--fontSize:43;line-height:1.33;\">Nuestra Oficina<\/h2><\/div><div class=\"fusion-title title fusion-title-3 fusion-sep-none fusion-title-center fusion-title-text fusion-title-size-four\" style=\"--awb-text-color:var(--awb-color7);--awb-margin-top-small:0px;--awb-margin-right-small:0px;--awb-margin-bottom-small:27px;--awb-margin-left-small:0px;--awb-font-size:43px;\"><h4 class=\"fusion-title-heading title-heading-center fusion-responsive-typography-calculated\" style=\"margin:0;text-transform:none;font-size:1em;--fontSize:43;line-height:1.03;\">DENVER<\/h4><\/div><div class=\"fusion-title title fusion-title-4 fusion-sep-none fusion-title-center fusion-title-text fusion-title-size-five\" style=\"--awb-text-color:var(--awb-custom_color_2);--awb-margin-top-small:0px;--awb-margin-right-small:0px;--awb-margin-bottom-small:27px;--awb-margin-left-small:0px;--awb-font-size:19px;\"><h5 class=\"fusion-title-heading title-heading-center fusion-responsive-typography-calculated\" style=\"margin:0;text-transform:none;font-size:1em;--fontSize:19;--minFontSize:19;line-height:1.03;\"><p><a href=\"https:\/\/maps.app.goo.gl\/zuGBZVP9WMpXsdV99\" target=\"_blank\" rel=\"noopener\">303 E 17th Ave.<br \/>\nSuite 400<br \/>\nDenver, CO 80203<\/a><\/p>\n<p><a href=\"tel:3033337846\"><strong>303.333.7846<\/strong><\/a><\/p><\/h5><\/div><\/div><\/div><\/div><\/div><div class=\"fusion-fullwidth fullwidth-box fusion-builder-row-4 fusion-flex-container has-pattern-background has-mask-background fusion-parallax-fixed hundred-percent-fullwidth non-hundred-percent-height-scrolling\" style=\"--awb-background-position:center top;--awb-background-blend-mode:overlay;--awb-border-radius-top-left:0px;--awb-border-radius-top-right:0px;--awb-border-radius-bottom-right:0px;--awb-border-radius-bottom-left:0px;--awb-padding-top:0px;--awb-padding-right:0px;--awb-padding-bottom:0px;--awb-padding-left:0px;--awb-margin-top-small:-2px;--awb-background-color:rgba(5,47,74,0.71);--awb-background-image:url(&quot;https:\/\/conservationcoef.org\/wp-content\/uploads\/2026\/02\/bg_ContactStaff.jpg&quot;);--awb-background-size:cover;--awb-flex-wrap:wrap;background-attachment:fixed;\" ><div class=\"fusion-builder-row fusion-row fusion-flex-align-items-flex-start fusion-flex-content-wrap\" style=\"width:calc( 100% + 11px ) !important;max-width:calc( 100% + 11px ) !important;margin-left: calc(-11px \/ 2 );margin-right: calc(-11px \/ 2 );\"><div class=\"fusion-layout-column fusion_builder_column fusion-builder-column-3 fusion_builder_column_1_1 1_1 fusion-flex-column\" style=\"--awb-bg-size:cover;--awb-width-large:100%;--awb-margin-top-large:0px;--awb-spacing-right-large:5.5px;--awb-margin-bottom-large:0px;--awb-spacing-left-large:5.5px;--awb-width-medium:100%;--awb-order-medium:0;--awb-spacing-right-medium:5.5px;--awb-spacing-left-medium:5.5px;--awb-width-small:100%;--awb-order-small:0;--awb-margin-top-small:0px;--awb-spacing-right-small:5.5px;--awb-margin-bottom-small:0px;--awb-spacing-left-small:5.5px;\" data-scroll-devices=\"small-visibility,medium-visibility,large-visibility\"><div class=\"fusion-column-wrapper fusion-column-has-shadow fusion-flex-justify-content-flex-start fusion-content-layout-column\"><div class=\"fusion-image-element\" style=\"--awb-margin-top-small:-3px;--awb-caption-title-font-family:var(--h2_typography-font-family);--awb-caption-title-font-weight:var(--h2_typography-font-weight);--awb-caption-title-font-style:var(--h2_typography-font-style);--awb-caption-title-size:var(--h2_typography-font-size);--awb-caption-title-transform:var(--h2_typography-text-transform);--awb-caption-title-line-height:var(--h2_typography-line-height);--awb-caption-title-letter-spacing:var(--h2_typography-letter-spacing);\"><span class=\"fusion-imageframe imageframe-none imageframe-2 hover-type-none\"><img decoding=\"async\" width=\"2560\" height=\"85\" alt=\"Conservation Colorado Education Fund\" title=\"El Fondo Educativo de Conservaci\u00f3n de Colorado\" src=\"https:\/\/conservationcoef.org\/wp-content\/uploads\/2026\/02\/bg_Mtn_White_Top_03-scaled.png\" class=\"img-responsive wp-image-130\" srcset=\"https:\/\/conservationcoef.org\/wp-content\/uploads\/2026\/02\/bg_Mtn_White_Top_03-200x7.png 200w, https:\/\/conservationcoef.org\/wp-content\/uploads\/2026\/02\/bg_Mtn_White_Top_03-400x13.png 400w, https:\/\/conservationcoef.org\/wp-content\/uploads\/2026\/02\/bg_Mtn_White_Top_03-600x20.png 600w, https:\/\/conservationcoef.org\/wp-content\/uploads\/2026\/02\/bg_Mtn_White_Top_03-800x27.png 800w, https:\/\/conservationcoef.org\/wp-content\/uploads\/2026\/02\/bg_Mtn_White_Top_03-1200x40.png 1200w, https:\/\/conservationcoef.org\/wp-content\/uploads\/2026\/02\/bg_Mtn_White_Top_03-scaled.png 2560w\" sizes=\"(max-width: 640px) 100vw, 1200px\" \/><\/span><\/div><div class=\"fusion-title title fusion-title-5 fusion-sep-none fusion-title-center fusion-title-text fusion-title-size-six fusion-animated\" style=\"--awb-text-color:var(--awb-color4);--awb-margin-top:93px;--awb-margin-right:257px;--awb-margin-bottom:23px;--awb-margin-left:257px;--awb-margin-top-small:93px;--awb-margin-right-small:47px;--awb-margin-bottom-small:23px;--awb-margin-left-small:47px;--awb-margin-top-medium:93px;--awb-margin-right-medium:257px;--awb-margin-bottom-medium:23px;--awb-margin-left-medium:257px;--awb-font-size:37px;\" data-animationtype=\"fadeInDown\" data-animationduration=\"0.3\" data-animationoffset=\"top-into-view\"><h6 class=\"fusion-title-heading title-heading-center fusion-responsive-typography-calculated\" style=\"margin:0;text-transform:none;font-size:1em;--fontSize:37;line-height:1.43;\">Conoce m\u00e1s sobre el Fondo Educativo de Conservaci\u00f3n Colorado<\/h6><\/div><div style=\"text-align:center;\"><a class=\"fusion-button button-flat fusion-button-default-size button-custom fusion-button-default button-1 fusion-button-default-span fusion-button-default-type fusion-animated\" style=\"--button_accent_color:var(--awb-color1);--button_accent_hover_color:var(--awb-color1);--button_border_hover_color:var(--awb-color1);--button_gradient_top_color:var(--awb-color4);--button_gradient_bottom_color:var(--awb-color4);--button_gradient_top_color_hover:var(--awb-color7);--button_gradient_bottom_color_hover:var(--awb-color7);\" data-animationtype=\"fadeInDown\" data-animationduration=\"0.3\" data-animationoffset=\"top-into-view\" target=\"_self\" href=\"https:\/\/conservationcoef.org\/es\/\"><span class=\"fusion-button-text awb-button__text awb-button__text--default\">Haz Clic Aqu\u00ed<\/span><\/a><\/div><div class=\"fusion-title title fusion-title-6 fusion-sep-none fusion-title-center fusion-title-text fusion-title-size-six fusion-animated\" style=\"--awb-text-color:var(--awb-color5);--awb-margin-top:73px;--awb-margin-right:257px;--awb-margin-bottom:7px;--awb-margin-left:257px;--awb-margin-top-small:73px;--awb-margin-right-small:47px;--awb-margin-bottom-small:23px;--awb-margin-left-small:47px;--awb-margin-top-medium:73px;--awb-margin-right-medium:257px;--awb-margin-bottom-medium:23px;--awb-margin-left-medium:257px;--awb-font-size:37px;\" data-animationtype=\"fadeInDown\" data-animationduration=\"0.3\" data-animationoffset=\"top-into-view\"><h6 class=\"fusion-title-heading title-heading-center fusion-responsive-typography-calculated\" style=\"margin:0;text-transform:none;font-size:1em;--fontSize:37;line-height:1.43;\">\u00bfBuscas a un miembro del staff en espec\u00edfico?<\/h6><\/div><div class=\"fusion-title title fusion-title-7 fusion-sep-none fusion-title-center fusion-title-text fusion-title-size-six fusion-animated\" style=\"--awb-text-color:var(--awb-color1);--awb-margin-right:257px;--awb-margin-bottom:23px;--awb-margin-left:257px;--awb-margin-top-small:73px;--awb-margin-right-small:47px;--awb-margin-bottom-small:23px;--awb-margin-left-small:47px;--awb-margin-top-medium:73px;--awb-margin-right-medium:257px;--awb-margin-bottom-medium:23px;--awb-margin-left-medium:257px;--awb-font-size:27px;\" data-animationtype=\"fadeInDown\" data-animationduration=\"0.3\" data-animationoffset=\"top-into-view\"><h6 class=\"fusion-title-heading title-heading-center fusion-responsive-typography-calculated\" style=\"margin:0;text-transform:none;font-size:1em;--fontSize:27;line-height:1.43;\"><span style=\"font-weight: 400;\">Compartimos staff con nuestra organizaci\u00f3n hermana, Conservaci\u00f3n Colorado.<\/span><\/h6><\/div><div style=\"text-align:center;\"><a class=\"fusion-button button-flat fusion-button-default-size button-custom fusion-button-default button-2 fusion-button-default-span fusion-button-default-type fusion-animated\" style=\"--button_accent_color:var(--awb-color1);--button_accent_hover_color:var(--awb-color1);--button_border_hover_color:var(--awb-color1);--button_gradient_top_color:var(--awb-color5);--button_gradient_bottom_color:var(--awb-color5);--button_gradient_top_color_hover:var(--awb-color7);--button_gradient_bottom_color_hover:var(--awb-color7);\" data-animationtype=\"fadeInDown\" data-animationduration=\"0.3\" data-animationoffset=\"top-into-view\" target=\"_blank\" rel=\"noopener noreferrer\" href=\"https:\/\/conservationco.org\/our-staff-board\/\"><span class=\"fusion-button-text awb-button__text awb-button__text--default\">Haz Clic Aqu\u00ed<\/span><\/a><\/div><div class=\"fusion-separator fusion-full-width-sep\" style=\"align-self: center;margin-left: auto;margin-right: auto;margin-bottom:93px;width:100%;\"><\/div><div class=\"fusion-image-element\" style=\"--awb-caption-title-font-family:var(--h2_typography-font-family);--awb-caption-title-font-weight:var(--h2_typography-font-weight);--awb-caption-title-font-style:var(--h2_typography-font-style);--awb-caption-title-size:var(--h2_typography-font-size);--awb-caption-title-transform:var(--h2_typography-text-transform);--awb-caption-title-line-height:var(--h2_typography-line-height);--awb-caption-title-letter-spacing:var(--h2_typography-letter-spacing);\"><span class=\"fusion-imageframe imageframe-none imageframe-3 hover-type-none\"><img decoding=\"async\" width=\"2560\" height=\"236\" alt=\"Conservation Colorado Education Fund\" title=\"El Fondo Educativo de Conservaci\u00f3n de Colorado\" src=\"https:\/\/conservationcoef.org\/wp-content\/uploads\/2026\/02\/bg_Mtn_GreenTop-scaled.png\" class=\"img-responsive wp-image-128\" srcset=\"https:\/\/conservationcoef.org\/wp-content\/uploads\/2026\/02\/bg_Mtn_GreenTop-200x18.png 200w, https:\/\/conservationcoef.org\/wp-content\/uploads\/2026\/02\/bg_Mtn_GreenTop-400x37.png 400w, https:\/\/conservationcoef.org\/wp-content\/uploads\/2026\/02\/bg_Mtn_GreenTop-600x55.png 600w, https:\/\/conservationcoef.org\/wp-content\/uploads\/2026\/02\/bg_Mtn_GreenTop-800x74.png 800w, https:\/\/conservationcoef.org\/wp-content\/uploads\/2026\/02\/bg_Mtn_GreenTop-1200x111.png 1200w, https:\/\/conservationcoef.org\/wp-content\/uploads\/2026\/02\/bg_Mtn_GreenTop-scaled.png 2560w\" sizes=\"(max-width: 640px) 100vw, 1200px\" \/><\/span><\/div><\/div><\/div><\/div><\/div>\n<div class=\"fusion-fullwidth fullwidth-box fusion-builder-row-5 fusion-flex-container has-pattern-background has-mask-background nonhundred-percent-fullwidth non-hundred-percent-height-scrolling\" style=\"--awb-border-radius-top-left:0px;--awb-border-radius-top-right:0px;--awb-border-radius-bottom-right:0px;--awb-border-radius-bottom-left:0px;--awb-padding-top:73px;--awb-padding-bottom:43px;--awb-background-color:var(--awb-color3);--awb-flex-wrap:wrap;\" ><div class=\"fusion-builder-row fusion-row fusion-flex-align-items-flex-start fusion-flex-content-wrap\" style=\"max-width:calc( 1201px + 11px );margin-left: calc(-11px \/ 2 );margin-right: calc(-11px \/ 2 );\"><div class=\"fusion-layout-column fusion_builder_column fusion-builder-column-4 fusion_builder_column_1_1 1_1 fusion-flex-column fusion-animated\" style=\"--awb-bg-size:cover;--awb-width-large:100%;--awb-margin-top-large:0px;--awb-spacing-right-large:5.5px;--awb-margin-bottom-large:0px;--awb-spacing-left-large:5.5px;--awb-width-medium:100%;--awb-order-medium:0;--awb-spacing-right-medium:5.5px;--awb-spacing-left-medium:5.5px;--awb-width-small:100%;--awb-order-small:0;--awb-spacing-right-small:5.5px;--awb-spacing-left-small:5.5px;\" data-animationtype=\"fadeInDown\" data-animationduration=\"0.3\" data-animationoffset=\"top-into-view\" data-scroll-devices=\"small-visibility,medium-visibility,large-visibility\"><div class=\"fusion-column-wrapper fusion-column-has-shadow fusion-flex-justify-content-flex-start fusion-content-layout-column\"><div class=\"fusion-title title fusion-title-8 fusion-sep-none fusion-title-center fusion-title-text fusion-title-size-four\" style=\"--awb-text-color:var(--awb-color1);--awb-margin-top-small:0px;--awb-margin-right-small:0px;--awb-margin-bottom-small:27px;--awb-margin-left-small:0px;--awb-font-size:53px;\"><h4 class=\"fusion-title-heading title-heading-center sm-text-align-left fusion-responsive-typography-calculated\" style=\"margin:0;text-transform:none;font-size:1em;--fontSize:53;line-height:1.03;\">APOYA UN MEDIOAMBIENTE SALUDABLE PARA TODOS LAS PERSONAS DE COLORADO<\/h4><\/div><div class=\"fusion-title title fusion-title-9 fusion-sep-none fusion-title-center fusion-title-text fusion-title-size-two\" style=\"--awb-text-color:var(--awb-color1);--awb-margin-top-small:0px;--awb-margin-right-small:0px;--awb-margin-bottom-small:27px;--awb-margin-left-small:0px;--awb-font-size:31px;\"><h2 class=\"fusion-title-heading title-heading-center sm-text-align-left fusion-responsive-typography-calculated\" style=\"margin:0;text-transform:none;font-size:1em;--fontSize:31;line-height:1.33;\">Juntos, podemos proteger el aire, las tierras, el agua y las comunidades de Colorado.<\/h2><\/div><div class=\"fusion-text fusion-text-1 sm-text-align-left fusion-text-no-margin\" style=\"--awb-content-alignment:center;--awb-text-color:var(--awb-color1);--awb-margin-bottom:27px;\"><p>El Fondo Educativo de Conservaci\u00f3n de Colorado representa el siguiente cap\u00edtulo en la protecci\u00f3n del medio ambiente de Colorado. Con tu apoyo, continuaremos en primera l\u00ednea para proteger el aire, la tierra, el agua y las personas de Colorado.<\/p>\n<\/div><div class=\"sm-text-align-left\" style=\"text-align:center;\"><a class=\"fusion-button button-flat fusion-button-default-size button-custom fusion-button-default button-3 fusion-button-default-span fusion-button-default-type\" style=\"--button_accent_color:var(--awb-color1);--button_accent_hover_color:var(--awb-color1);--button_border_hover_color:var(--awb-color1);--button_gradient_top_color:var(--awb-color4);--button_gradient_bottom_color:var(--awb-color4);--button_gradient_top_color_hover:var(--awb-color7);--button_gradient_bottom_color_hover:var(--awb-color7);\" target=\"_self\" href=\"https:\/\/conservationcoef.org\/es\/donate\/\"><span class=\"fusion-button-text awb-button__text awb-button__text--default\">DONA HOY<\/span><\/a><\/div><\/div><\/div><\/div><\/div>\n<div class=\"fusion-fullwidth fullwidth-box fusion-builder-row-6 fusion-flex-container has-pattern-background has-mask-background hundred-percent-fullwidth non-hundred-percent-height-scrolling\" style=\"--awb-border-radius-top-left:0px;--awb-border-radius-top-right:0px;--awb-border-radius-bottom-right:0px;--awb-border-radius-bottom-left:0px;--awb-padding-right:0px;--awb-padding-left:0px;--awb-background-color:var(--awb-color3);--awb-flex-wrap:wrap;\" ><div class=\"fusion-builder-row fusion-row fusion-flex-align-items-flex-start fusion-flex-content-wrap\" style=\"width:calc( 100% + 11px ) !important;max-width:calc( 100% + 11px ) !important;margin-left: calc(-11px \/ 2 );margin-right: calc(-11px \/ 2 );\"><div class=\"fusion-layout-column fusion_builder_column fusion-builder-column-5 fusion_builder_column_1_1 1_1 fusion-flex-column\" style=\"--awb-bg-size:cover;--awb-width-large:100%;--awb-margin-top-large:0px;--awb-spacing-right-large:5.5px;--awb-margin-bottom-large:0px;--awb-spacing-left-large:5.5px;--awb-width-medium:100%;--awb-order-medium:0;--awb-spacing-right-medium:5.5px;--awb-spacing-left-medium:5.5px;--awb-width-small:100%;--awb-order-small:0;--awb-spacing-right-small:5.5px;--awb-spacing-left-small:5.5px;\"><div class=\"fusion-column-wrapper fusion-column-has-shadow fusion-flex-justify-content-flex-start fusion-content-layout-column\"><div class=\"fusion-image-element\" style=\"--awb-caption-title-font-family:var(--h2_typography-font-family);--awb-caption-title-font-weight:var(--h2_typography-font-weight);--awb-caption-title-font-style:var(--h2_typography-font-style);--awb-caption-title-size:var(--h2_typography-font-size);--awb-caption-title-transform:var(--h2_typography-text-transform);--awb-caption-title-line-height:var(--h2_typography-line-height);--awb-caption-title-letter-spacing:var(--h2_typography-letter-spacing);\"><span class=\"fusion-imageframe imageframe-none imageframe-4 hover-type-none\"><img decoding=\"async\" width=\"1920\" height=\"93\" alt=\"Conservation Colorado Education Fund\" title=\"El Fondo Educativo de Conservaci\u00f3n de Colorado\" src=\"https:\/\/conservationcoef.org\/wp-content\/uploads\/2026\/02\/bg_whteMtn_Top.png\" class=\"img-responsive wp-image-51\" srcset=\"https:\/\/conservationcoef.org\/wp-content\/uploads\/2026\/02\/bg_whteMtn_Top-200x10.png 200w, https:\/\/conservationcoef.org\/wp-content\/uploads\/2026\/02\/bg_whteMtn_Top-400x19.png 400w, https:\/\/conservationcoef.org\/wp-content\/uploads\/2026\/02\/bg_whteMtn_Top-600x29.png 600w, https:\/\/conservationcoef.org\/wp-content\/uploads\/2026\/02\/bg_whteMtn_Top-800x39.png 800w, https:\/\/conservationcoef.org\/wp-content\/uploads\/2026\/02\/bg_whteMtn_Top-1200x58.png 1200w, https:\/\/conservationcoef.org\/wp-content\/uploads\/2026\/02\/bg_whteMtn_Top.png 1920w\" sizes=\"(max-width: 640px) 100vw, 1200px\" \/><\/span><\/div><\/div><\/div><\/div><\/div>\n<\/p>","protected":false},"excerpt":{"rendered":"","protected":false},"author":2,"featured_media":0,"parent":0,"menu_order":6,"comment_status":"closed","ping_status":"closed","template":"100-width.php","meta":{"footnotes":""},"class_list":["post-118","page","type-page","status-publish","hentry"],"jetpack_sharing_enabled":true,"_links":{"self":[{"href":"https:\/\/conservationcoef.org\/es\/wp-json\/wp\/v2\/pages\/118","targetHints":{"allow":["GET"]}}],"collection":[{"href":"https:\/\/conservationcoef.org\/es\/wp-json\/wp\/v2\/pages"}],"about":[{"href":"https:\/\/conservationcoef.org\/es\/wp-json\/wp\/v2\/types\/page"}],"author":[{"embeddable":true,"href":"https:\/\/conservationcoef.org\/es\/wp-json\/wp\/v2\/users\/2"}],"replies":[{"embeddable":true,"href":"https:\/\/conservationcoef.org\/es\/wp-json\/wp\/v2\/comments?post=118"}],"version-history":[{"count":0,"href":"https:\/\/conservationcoef.org\/es\/wp-json\/wp\/v2\/pages\/118\/revisions"}],"wp:attachment":[{"href":"https:\/\/conservationcoef.org\/es\/wp-json\/wp\/v2\/media?parent=118"}],"curies":[{"name":"wp","href":"https:\/\/api.w.org\/{rel}","templated":true}]}}